{"id":1555,"date":"2025-04-29T10:52:05","date_gmt":"2025-04-29T10:52:05","guid":{"rendered":"http:\/\/malinowewzgorze.growbis.pl\/index.php\/o-nas\/"},"modified":"2025-04-29T10:52:14","modified_gmt":"2025-04-29T10:52:14","slug":"o-nas","status":"publish","type":"page","link":"https:\/\/malinowewzgorze.growbis.pl\/index.php\/o-nas\/","title":{"rendered":"O Nas"},"content":{"rendered":"<div class=\"woocommerce\">\n  \n    <section class=\"u-clearfix u-image u-lightbox u-shading u-section-1\" id=\"block-1\" style=\"background-image: linear-gradient(rgba(0, 0, 0, 0.25), rgba(0, 0, 0, 0.25)), url(&quot;https:\/\/malinowewzgorze.growbis.pl\/wp-content\/uploads\/2025\/04\/Grafika-2.jpg&quot;);\">\n      <div class=\"u-clearfix u-sheet u-sheet-1\">\n        <div class=\"u-align-left u-border-5 u-border-white u-container-align-center-lg u-container-align-center-md u-container-align-center-sm u-container-align-left-lg u-container-align-left-md u-container-align-left-sm u-container-align-left-xl u-container-style u-group u-radius u-shading u-shape-round u-group-1\" data-animation-name=\"customAnimationIn\" data-animation-duration=\"1000\" data-animation-delay=\"0\">\n          <div class=\"u-container-layout u-valign-middle-lg u-valign-middle-md u-valign-middle-sm u-valign-middle-xl u-container-layout-1\">\n            <h1 class=\"u-align-center u-text u-text-default-lg u-text-default-md u-text-default-sm u-text-default-xl u-text-1\"> Malinowe Wzg\u00f3rze \u2013 historia nieznana<\/h1>\n          <\/div>\n        <\/div>\n      <\/div>\n    <\/section>\n    <section class=\"u-clearfix u-section-2\" id=\"block-2\">\n      <div class=\"data-layout-selected u-clearfix u-expanded-width u-gutter-10 u-layout-wrap u-layout-wrap-1\">\n        <div class=\"u-layout\">\n          <div class=\"u-layout-row\">\n            <div class=\"u-container-style u-image u-layout-cell u-left-cell u-size-20 u-image-1\" src=\"\" data-image-width=\"526\" data-image-height=\"701\" style=\"background-image: url(&quot;https:\/\/malinowewzgorze.growbis.pl\/wp-content\/uploads\/2025\/04\/ONasMalinowewzgrze1-2.jpg&quot;);\">\n              <div class=\"u-container-layout u-container-layout-1\"><\/div>\n            <\/div>\n            <div class=\"u-align-left u-container-align-left u-container-style u-layout-cell u-radius u-right-cell u-shape-round u-size-40 u-white u-layout-cell-2\">\n              <div class=\"u-border-2 u-border-custom-color-2 u-border-no-bottom u-border-no-left u-container-layout u-container-layout-2\">\n                <h2 class=\"u-text u-text-1\"> Historia mi\u0142o\u015bci, kt\u00f3ra sta\u0142a si\u0119 pasj\u0105<\/h2>\n                <p class=\"u-text u-text-2\"> Powstanie naszej firmy zwi\u0105zane jest z histori\u0105 mi\u0142o\u015bci dw\u00f3jki m\u0142odych marzycieli, kt\u00f3rzy pewnego dnia postanowili profesjonalnie zaj\u0105\u0107 si\u0119 produkcj\u0105 naturalnych sok\u00f3w z malin.<\/p>\n                <h3 class=\"u-text u-text-3\"> Rodzinne tradycje i pierwsze kroki<\/h3>\n                <p class=\"u-text u-text-4\"> Poznali si\u0119 na studiach, zakochali si\u0119, a po kilku latach stan\u0119li na \u015blubnym kobiercu. Ju\u017c jako ma\u0142\u017ce\u0144stwo postanowili kontynuowa\u0107 rodzinn\u0105 tradycj\u0119 panny m\u0142odej i przej\u0105\u0107 plantacj\u0119 malin, kt\u00f3r\u0105 od lat uprawiali jej rodzice.<\/p>\n              <\/div>\n            <\/div>\n          <\/div>\n        <\/div>\n      <\/div>\n    <\/section>\n    <section class=\"u-clearfix u-container-align-center-lg u-container-align-center-md u-container-align-center-sm u-container-align-center-xl u-valign-middle-lg u-valign-middle-xl u-valign-top-sm u-section-3\" id=\"block-3\">\n      <div class=\"data-layout-selected u-clearfix u-expanded-width u-gutter-10 u-layout-wrap u-layout-wrap-1\">\n        <div class=\"u-layout\">\n          <div class=\"u-layout-row\">\n            <div class=\"u-align-left u-container-align-left u-container-style u-image u-layout-cell u-left-cell u-size-30 u-image-1\" src=\"\" data-image-width=\"1536\" data-image-height=\"2048\" style=\"background-image: url(&quot;https:\/\/malinowewzgorze.growbis.pl\/wp-content\/uploads\/2025\/04\/ONasMalinowewzgrze4-2.jpg&quot;);\">\n              <div class=\"u-container-layout u-container-layout-1\" src=\"\"><\/div>\n            <\/div>\n            <div class=\"u-align-center-sm u-align-center-xs u-align-left-lg u-align-left-md u-align-left-xl u-container-style u-image u-layout-cell u-right-cell u-size-30 u-image-2\" src=\"\" data-image-width=\"1536\" data-image-height=\"2048\" style=\"background-image: url(&quot;https:\/\/malinowewzgorze.growbis.pl\/wp-content\/uploads\/2025\/04\/ONasMalinowewzgrze3-2.jpg&quot;);\">\n              <div class=\"u-container-layout u-container-layout-2\" src=\"\">\n                <div class=\"u-align-center u-container-align-center u-container-style u-group u-opacity u-opacity-90 u-white u-group-1\">\n                  <div class=\"u-container-layout u-container-layout-3\">\n                    <h2 class=\"u-align-center u-text u-text-default u-text-1\"> Pasja do naturalnych przetwor\u00f3w<\/h2>\n                    <h3 class=\"u-align-center u-text u-text-2\"> Dlaczego maliny?<\/h3>\n                    <p class=\"u-align-center u-text u-text-3\"> Od zawsze bliskie naszemu sercu by\u0142y naturalne przetwory. Domowy, malinowy sok go\u015bci\u0142 na naszym stole od pokole\u0144.<\/p>\n                    <h3 class=\"u-align-center u-text u-text-4\"> Nowe wyzwania i rozszerzanie upraw<\/h3>\n                    <p class=\"u-align-center u-text u-text-5\"> Kiedy na \u015bwiecie pojawi\u0142a si\u0119 nasza c\u00f3reczka Melania, dba\u0142o\u015b\u0107 o zdrowie i odporno\u015b\u0107 sta\u0142y si\u0119 dla nas jeszcze wa\u017cniejsze. Zacz\u0119li\u015bmy od posadzenia nowych krzaczk\u00f3w malin oraz odmian wczesnych, a potem rozszerzyli\u015bmy dzia\u0142alno\u015b\u0107 na inne owoce.<\/p>\n                    <h3 class=\"u-align-center u-text u-text-6\"> Nie tylko maliny \u2013 bogactwo natury<\/h3>\n                    <p class=\"u-align-center u-text u-text-7\"> Dzi\u015b oferujemy Wam nie tylko soki i d\u017cemy z malin, ale tak\u017ce z porzeczek, je\u017cyn, bor\u00f3wek, aronii i rokitnika.&nbsp;<\/p>\n                  <\/div>\n                <\/div>\n              <\/div>\n            <\/div>\n          <\/div>\n        <\/div>\n      <\/div>\n    <\/section>\n    <section class=\"u-align-center u-clearfix u-container-align-center u-section-4\" id=\"block-5\">\n      <h2 class=\"u-align-center u-text u-text-default-lg u-text-default-md u-text-default-sm u-text-default-xl u-text-1\"> Naturalne receptury i lokalne sk\u0142adniki<\/h2>\n      <div class=\"u-align-center u-border-1 u-border-custom-color-2 u-line u-line-horizontal u-line-1\"><\/div>\n      <h3 class=\"u-align-center u-text u-text-2\"> Tradycja i natura w ka\u017cdej butelce<\/h3>\n      <p class=\"u-align-center u-text u-text-3\"> Nasze przetwory powstaj\u0105 wed\u0142ug starannie opracowanych, tradycyjnych receptur. Ich sk\u0142ad jest naturalny i prosty \u2013 bez konserwant\u00f3w, barwnik\u00f3w czy sztucznych ulepszaczy.<\/p>\n      <div class=\"u-align-center u-border-1 u-border-custom-color-2 u-line u-line-horizontal u-line-2\"><\/div>\n      <h3 class=\"u-align-center u-text u-text-4\"> Wsp\u00f3\u0142praca z lokalnymi plantatorami<\/h3>\n      <p class=\"u-align-center u-text u-text-5\"> Owoce do produkcji naszych sok\u00f3w i d\u017cem\u00f3w pochodz\u0105 z w\u0142asnych upraw oraz od zaprzyja\u017anionych, lokalnych plantator\u00f3w. Dbamy o to, by by\u0142y zbierane w <br>odpowiednim momencie \u2013 gdy nabior\u0105 koloru, smaku i cennych w\u0142a\u015bciwo\u015bci.<br>\n        <br><span style=\"font-weight: 700;\">Co najwa\u017cniejsze gwarantujemy pe\u0142ny asortyment przez 12 miesi\u0119cy w roku!<\/span>\n      <\/p>\n    <\/section>\n    <section class=\"u-clearfix u-container-align-center u-custom-color-2 u-valign-middle-lg u-valign-middle-xl u-valign-middle-xs u-section-5\" id=\"block-4\">\n      <div class=\"u-expanded-width u-list u-list-1\">\n        <div class=\"u-repeater u-repeater-1\">\n          <div class=\"u-align-center u-border-2 u-border-no-bottom u-border-no-left u-border-palette-3-light-1 u-container-align-center u-container-style u-list-item u-radius u-repeater-item u-shape-round u-list-item-1\">\n            <div class=\"u-container-layout u-similar-container u-valign-top u-container-layout-1\">\n              <h3 class=\"u-align-center u-text u-text-body-color u-text-default u-text-1\" data-animation-name=\"counter\" data-animation-event=\"scroll\" data-animation-duration=\"3000\">72<\/h3>\n              <p class=\"u-align-center u-text u-text-2\">Zebranych owoc\u00f3w<\/p>\n            <\/div>\n          <\/div>\n          <div class=\"u-align-center u-border-2 u-border-no-bottom u-border-no-left u-border-palette-3-light-1 u-container-align-center u-container-style u-list-item u-radius u-repeater-item u-shape-round u-list-item-2\">\n            <div class=\"u-container-layout u-similar-container u-valign-top u-container-layout-2\">\n              <h3 class=\"u-align-center u-text u-text-body-color u-text-default u-text-3\" data-animation-name=\"counter\" data-animation-event=\"scroll\" data-animation-duration=\"3000\">100<\/h3>\n              <p class=\"u-align-center u-text u-text-default u-text-4\">Wyprodukowanych d\u017cem\u00f3w<\/p>\n            <\/div>\n          <\/div>\n          <div class=\"u-align-center u-border-2 u-border-no-bottom u-border-no-left u-border-palette-3-light-1 u-container-align-center u-container-style u-list-item u-radius u-repeater-item u-shape-round u-list-item-3\">\n            <div class=\"u-container-layout u-similar-container u-valign-top u-container-layout-3\">\n              <h3 class=\"u-align-center u-text u-text-body-color u-text-default u-text-5\" data-animation-name=\"counter\" data-animation-event=\"scroll\" data-animation-duration=\"3000\">87<\/h3>\n              <p class=\"u-align-center u-text u-text-default u-text-6\">Wyprodukowanych sok\u00f3w<\/p>\n            <\/div>\n          <\/div>\n        <\/div>\n      <\/div>\n    <\/section>\n    <section class=\"u-clearfix u-container-align-center u-valign-middle u-section-6\" id=\"block-6\">\n      <div class=\"data-layout-selected u-clearfix u-expanded-width u-gutter-0 u-layout-wrap u-layout-wrap-1\">\n        <div class=\"u-layout\" style=\"\">\n          <div class=\"u-layout-row\" style=\"\">\n            <div class=\"u-align-center u-container-align-center u-container-style u-layout-cell u-left-cell u-size-30 u-size-xs-60 u-white u-layout-cell-1\" src=\"\">\n              <div class=\"u-container-layout u-container-layout-1\">\n                <h2 class=\"u-align-center u-text u-text-default u-text-1\"> Nasza filozofia \u2013 mi\u0142o\u015b\u0107 do natury i zdrowia<\/h2>\n                <div class=\"u-align-center u-border-1 u-border-custom-color-2 u-line u-line-horizontal u-line-1\"><\/div>\n                <h3 class=\"u-align-center u-text u-text-2\"> Rodzinny biznes tworzony z sercem<\/h3>\n                <p class=\"u-align-center u-text u-text-3\"> Mi\u0142o\u015b\u0107 towarzyszy nam od samego pocz\u0105tku. Pokochali\u015bmy siebie, natur\u0119, zdrowe produkty i to, \u017ce mo\u017cemy dawa\u0107 Wam wszystko, co najlepsze.<\/p>\n                <h3 class=\"u-align-center u-text u-text-4\"> Zaufanie klient\u00f3w i nasza misja<\/h3>\n                <div class=\"u-align-center u-border-1 u-border-custom-color-2 u-line u-line-horizontal u-line-2\"><\/div>\n                <p class=\"u-align-center u-text u-text-5\"> Uwielbiamy to, co robimy, i cieszymy si\u0119, \u017ce zaufa\u0142o nam ju\u017c wielu klient\u00f3w. To dla nas ogromna rado\u015b\u0107 dba\u0107 o Wasze zdrowie i naturaln\u0105 odporno\u015b\u0107.<\/p>\n              <\/div>\n            <\/div>\n            <div class=\"u-align-center u-container-align-center u-container-style u-image u-layout-cell u-right-cell u-size-30 u-size-xs-60 u-image-1\" src=\"\" data-image-width=\"526\" data-image-height=\"934\" style=\"background-image: url(&quot;https:\/\/malinowewzgorze.growbis.pl\/wp-content\/uploads\/2025\/04\/ONasMalinowewzgrze2-2.jpg&quot;);\">\n              <div class=\"u-container-layout u-valign-middle u-container-layout-2\" src=\"\"><\/div>\n            <\/div>\n          <\/div>\n        <\/div>\n      <\/div>\n    <\/section>\n    <section class=\"u-clearfix u-container-align-center-lg u-container-align-center-md u-container-align-center-sm u-container-align-center-xl u-valign-middle u-section-7\" id=\"sec-4d6b\">\n      <div class=\"data-layout-selected u-clearfix u-expanded-width u-gutter-0 u-layout-wrap u-layout-wrap-1\">\n        <div class=\"u-layout\" style=\"\">\n          <div class=\"u-layout-row\" style=\"\">\n            <div class=\"u-align-center u-container-align-center u-container-style u-image u-layout-cell u-right-cell u-size-30 u-size-xs-60 u-image-1\" src=\"\" data-image-width=\"1429\" data-image-height=\"1851\" style=\"background-image: url(&quot;https:\/\/malinowewzgorze.growbis.pl\/wp-content\/uploads\/2025\/04\/Onasrazem-2.jpg&quot;);\">\n              <div class=\"u-container-layout u-container-layout-1\" src=\"\"><\/div>\n            <\/div>\n            <div class=\"u-align-center u-container-align-center u-container-style u-layout-cell u-left-cell u-size-30 u-size-xs-60 u-white u-layout-cell-2\" src=\"\">\n              <div class=\"u-container-layout u-container-layout-2\">\n                <h2 class=\"u-align-center u-text u-text-default u-text-1\"> Do\u0142\u0105cz do naszej malinowej rodziny!<\/h2>\n                <p class=\"u-align-center u-text u-text-2\"> Zosta\u0144cie w naszym owocowym \u015bwiecie! Skosztujcie naszych produkt\u00f3w \u2013 gwarantujemy, \u017ce to b\u0119dzie mi\u0142o\u015b\u0107 od pierwszego spr\u00f3bowania.&nbsp;<br>\n                  <br><span style=\"font-weight: 700;\"><span class=\"u-file-icon u-icon\"><img decoding=\"async\" src=\"https:\/\/malinowewzgorze.growbis.pl\/wp-content\/uploads\/2025\/04\/282578-2.png\" alt=\"\"><\/span>&nbsp;Aneta i Mateusz<\/span>\n                <\/p>\n              <\/div>\n            <\/div>\n          <\/div>\n        <\/div>\n      <\/div>\n    <\/section>\n    \n    \n    \n    \n  \n<\/div>","protected":false},"excerpt":{"rendered":"<p>Malinowe Wzg\u00f3rze \u2013 historia nieznana Historia mi\u0142o\u015bci, kt\u00f3ra sta\u0142a si\u0119 pasj\u0105 Powstanie naszej firmy zwi\u0105zane jest z histori\u0105 mi\u0142o\u015bci dw\u00f3jki m\u0142odych marzycieli, kt\u00f3rzy pewnego dnia postanowili profesjonalnie zaj\u0105\u0107 si\u0119 produkcj\u0105 naturalnych sok\u00f3w z malin. Rodzinne tradycje i pierwsze kroki Poznali si\u0119 na studiach, zakochali si\u0119, a po kilku latach stan\u0119li na \u015blubnym kobiercu. Ju\u017c jako &hellip; <a href=\"https:\/\/malinowewzgorze.growbis.pl\/index.php\/o-nas\/\" class=\"more-link\">Continue reading<span class=\"screen-reader-text\"> &#8222;O Nas&#8221;<\/span><\/a><\/p>\n","protected":false},"author":1,"featured_media":0,"parent":0,"menu_order":1,"comment_status":"closed","ping_status":"closed","template":"","meta":{"footnotes":""},"class_list":["post-1555","page","type-page","status-publish","hentry"],"_links":{"self":[{"href":"https:\/\/malinowewzgorze.growbis.pl\/index.php\/wp-json\/wp\/v2\/pages\/1555","targetHints":{"allow":["GET"]}}],"collection":[{"href":"https:\/\/malinowewzgorze.growbis.pl\/index.php\/wp-json\/wp\/v2\/pages"}],"about":[{"href":"https:\/\/malinowewzgorze.growbis.pl\/index.php\/wp-json\/wp\/v2\/types\/page"}],"author":[{"embeddable":true,"href":"https:\/\/malinowewzgorze.growbis.pl\/index.php\/wp-json\/wp\/v2\/users\/1"}],"replies":[{"embeddable":true,"href":"https:\/\/malinowewzgorze.growbis.pl\/index.php\/wp-json\/wp\/v2\/comments?post=1555"}],"version-history":[{"count":1,"href":"https:\/\/malinowewzgorze.growbis.pl\/index.php\/wp-json\/wp\/v2\/pages\/1555\/revisions"}],"predecessor-version":[{"id":1564,"href":"https:\/\/malinowewzgorze.growbis.pl\/index.php\/wp-json\/wp\/v2\/pages\/1555\/revisions\/1564"}],"wp:attachment":[{"href":"https:\/\/malinowewzgorze.growbis.pl\/index.php\/wp-json\/wp\/v2\/media?parent=1555"}],"curies":[{"name":"wp","href":"https:\/\/api.w.org\/{rel}","templated":true}]}}