{"id":1556,"date":"2025-04-29T10:52:06","date_gmt":"2025-04-29T10:52:06","guid":{"rendered":"http:\/\/malinowewzgorze.growbis.pl\/index.php\/kontakt\/"},"modified":"2025-04-29T10:52:14","modified_gmt":"2025-04-29T10:52:14","slug":"kontakt","status":"publish","type":"page","link":"https:\/\/malinowewzgorze.growbis.pl\/index.php\/kontakt\/","title":{"rendered":"Kontakt"},"content":{"rendered":"<div class=\"woocommerce\">\n  \n    <section class=\"u-clearfix u-image u-shading u-section-1\" id=\"sec-21f2\" style=\"background-image: linear-gradient(rgba(0, 0, 0, 0.25), rgba(0, 0, 0, 0.25)), url(&quot;https:\/\/malinowewzgorze.growbis.pl\/wp-content\/uploads\/2025\/04\/KontaktMalinowewzge-2.webp&quot;);\">\n      <div class=\"u-clearfix u-sheet u-sheet-1\">\n        <div class=\"u-align-left u-border-5 u-border-white u-container-align-center u-container-align-left u-container-align-left-xl u-container-style u-group u-radius u-shading u-shape-round u-group-1\" data-animation-name=\"customAnimationIn\" data-animation-duration=\"1000\" data-animation-delay=\"0\">\n          <div class=\"u-container-layout u-container-layout-1\">\n            <h1 class=\"u-align-center u-text u-text-default u-text-1\">Skontaktuj si\u0119 z nami<\/h1>\n            <h3 class=\"u-align-center u-text u-text-default u-text-2\">Wype\u0142nij formularz lub zadzwo\u0144 do nas<\/h3>\n          <\/div>\n        <\/div>\n      <\/div>\n    <\/section>\n    <section class=\"u-clearfix u-section-2\" id=\"block-1\">\n      <div class=\"u-clearfix u-sheet u-sheet-1\">\n        <div class=\"data-layout-selected u-clearfix u-expanded-width u-layout-wrap u-layout-wrap-1\">\n          <div class=\"u-layout\">\n            <div class=\"u-layout-row\">\n              <div class=\"u-container-style u-layout-cell u-size-20 u-layout-cell-1\">\n                <div class=\"u-container-layout u-container-layout-1\"><span class=\"u-align-center u-file-icon u-icon u-icon-1\"><img decoding=\"async\" src=\"https:\/\/malinowewzgorze.growbis.pl\/wp-content\/uploads\/2025\/04\/1892093-2.png\" alt=\"\"><\/span>\n                  <h4 class=\"u-align-center-sm u-align-center-xs u-text u-text-default u-text-1\">Adres<\/h4>\n                  <p class=\"u-align-center-sm u-align-center-xs u-text u-text-default u-text-2\"> Szwajcary 60<br>32-340 Che\u0142m\n                  <\/p>\n                <\/div>\n              <\/div>\n              <div class=\"u-container-style u-layout-cell u-size-20 u-layout-cell-2\">\n                <div class=\"u-container-layout u-valign-top-md u-valign-top-sm u-valign-top-xs u-container-layout-2\"><span class=\"u-align-center u-file-icon u-icon u-icon-2\"><img decoding=\"async\" src=\"https:\/\/malinowewzgorze.growbis.pl\/wp-content\/uploads\/2025\/04\/3781605-2.png\" alt=\"\"><\/span>\n                  <h4 class=\"u-align-center-sm u-align-center-xs u-text u-text-default u-text-3\">Email <\/h4>\n                  <p class=\"u-align-center u-text u-text-default u-text-4\">\n                    <a href=\"mailto:biuro@malinowewzgorze.com\" class=\"u-active-none u-border-none u-btn u-button-link u-button-style u-hover-none u-none u-text-custom-color-2 u-btn-1\"> biuro@malinowewzgorze.com<\/a>\n                  <\/p>\n                <\/div>\n              <\/div>\n              <div class=\"u-container-style u-layout-cell u-size-20 u-layout-cell-3\">\n                <div class=\"u-container-layout u-container-layout-3\"><span class=\"u-align-center u-file-icon u-icon u-icon-3\"><img decoding=\"async\" src=\"https:\/\/malinowewzgorze.growbis.pl\/wp-content\/uploads\/2025\/04\/1892093-2.png\" alt=\"\"><\/span>\n                  <h4 class=\"u-align-center u-text u-text-default u-text-5\">Telefon<\/h4>\n                  <p class=\"u-align-center u-text u-text-default u-text-6\">\n                    <a href=\"tel:602 388 291\" class=\"u-active-none u-border-none u-btn u-button-link u-button-style u-hover-none u-none u-text-custom-color-2 u-btn-2\">602 388 291<\/a>\n                  <\/p>\n                <\/div>\n              <\/div>\n            <\/div>\n          <\/div>\n        <\/div>\n      <\/div>\n    <\/section>\n    <section class=\"u-clearfix u-white u-section-3\" id=\"sec-1523\">\n      <div class=\"u-custom-color-2 u-opacity u-opacity-75 u-shape u-shape-rectangle u-shape-1\" data-animation-name=\"customAnimationIn\" data-animation-duration=\"1500\" data-animation-delay=\"500\"><\/div>\n      <div class=\"u-custom-color-1 u-shape u-shape-rectangle u-shape-2\" data-animation-name=\"customAnimationIn\" data-animation-duration=\"1500\" data-animation-delay=\"0\"><\/div>\n      <div class=\"data-layout-selected u-clearfix u-gutter-10 u-layout-wrap u-layout-wrap-1\">\n        <div class=\"u-gutter-0 u-layout\">\n          <div class=\"u-layout-row\">\n            <div class=\"u-align-left u-container-align-left u-container-align-left-lg u-container-align-left-md u-container-align-left-xl u-container-style u-layout-cell u-left-cell u-size-30-lg u-size-30-xl u-size-60-md u-size-60-sm u-size-60-xs u-layout-cell-1\" data-animation-name=\"customAnimationIn\" data-animation-duration=\"1750\" data-animation-delay=\"500\">\n              <div class=\"u-container-layout u-valign-middle u-container-layout-1\">\n                <h2 class=\"u-align-center-sm u-align-center-xs u-align-left-lg u-align-left-md u-align-left-xl u-text u-text-1\">Skontaktuj si\u0119 z nami<\/h2>\n                <div class=\"u-expanded-width u-form u-form-1\">\n                  <form action=\"https:\/\/forms.nicepagesrv.com\/v2\/form\/process\" class=\"u-clearfix u-form-spacing-20 u-form-vertical u-inner-form\" source=\"email\" name=\"form\" style=\"padding: 10px;\">\n                    <div class=\"u-form-group u-form-name u-label-top\">\n                      <label for=\"name-3434\" class=\"u-label\">Imi\u0119 i nazwisko*<\/label>\n                      <input type=\"text\" id=\"name-3434\" name=\"name\" class=\"u-border-2 u-border-grey-75 u-border-no-left u-border-no-right u-border-no-top u-input u-input-rectangle u-none\" required=\"\">\n                    <\/div>\n                    <div class=\"u-form-email u-form-group u-label-top\">\n                      <label for=\"email-3434\" class=\"u-label\">Adres email*<\/label>\n                      <input type=\"email\" id=\"email-3434\" name=\"email\" class=\"u-border-2 u-border-grey-75 u-border-no-left u-border-no-right u-border-no-top u-input u-input-rectangle u-none\" required=\"\">\n                    <\/div>\n                    <div class=\"u-form-group u-label-top u-form-group-3\">\n                      <label for=\"text-fb3d\" class=\"u-label\">Input<\/label>\n                      <input type=\"text\" placeholder=\"\" id=\"text-fb3d\" name=\"text\" class=\"u-border-2 u-border-grey-75 u-border-no-left u-border-no-right u-border-no-top u-input u-input-rectangle u-none\">\n                    <\/div>\n                    <div class=\"u-form-group u-form-message u-label-top\">\n                      <label for=\"message-3434\" class=\"u-label\">Wiadomo\u015b\u0107<\/label>\n                      <textarea rows=\"4\" cols=\"50\" id=\"message-3434\" name=\"message\" class=\"u-border-2 u-border-grey-75 u-border-no-left u-border-no-right u-border-no-top u-input u-input-rectangle u-none\" required=\"\"><\/textarea>\n                    <\/div>\n                    <div class=\"u-align-left u-form-group u-form-submit u-label-top\">\n                      <a href=\"#\" class=\"u-border-none u-btn u-btn-submit u-button-style u-custom-color-2 u-btn-1\">Wyslij wiadomo\u015b\u0107<\/a>\n                      <input type=\"submit\" value=\"submit\" class=\"u-form-control-hidden\">\n                    <\/div>\n                    <div class=\"u-form-send-message u-form-send-success\">Dzi\u0119kujemy! Twoja wiadomo\u015b\u0107 zosta\u0142a wys\u0142ana!<\/div>\n                    <div class=\"u-form-send-error u-form-send-message\">Przepraszamy, wiadomo\u015b\u0107 nie mog\u0142a zosta\u0107 wys\u0142ana. Popraw b\u0142\u0119dy i spr\u00f3buj ponownie.<\/div>\n                    <input type=\"hidden\" value=\"\" name=\"recaptchaResponse\">\n                    <input type=\"hidden\" name=\"formServices\" value=\"c842c3d0-0ad4-2904-3b34-3a754f15e545\">\n                  <\/form>\n                <\/div>\n              <\/div>\n            <\/div>\n            <div class=\"u-align-left u-container-align-left u-container-style u-layout-cell u-right-cell u-size-30-lg u-size-30-xl u-size-60-md u-size-60-sm u-size-60-xs u-layout-cell-2\" data-animation-name=\"customAnimationIn\" data-animation-duration=\"1500\" data-animation-delay=\"500\">\n              <div class=\"u-container-layout\">\n                <div class=\"u-align-left u-expanded u-grey-10 u-map\">\n                  <div class=\"embed-responsive\">\n                    <iframe class=\"embed-responsive-item\" src=\"https:\/\/maps.google.com\/maps?output=embed&amp;q=%E2%80%8BSzwajcary%206032-340%20Che%C5%82m&amp;z=14&amp;t=m\" data-map=\"JTdCJTIyYWRkcmVzcyUyMiUzQSUyMiVFMiU4MCU4QlN6d2FqY2FyeSUyMDYwMzItMzQwJTIwQ2hlJUM1JTgybSUyMiUyQyUyMnpvb20lMjIlM0ExNCUyQyUyMnR5cGVJZCUyMiUzQSUyMnJvYWQlMjIlMkMlMjJsYW5nJTIyJTNBbnVsbCUyQyUyMmFwaUtleSUyMiUzQW51bGwlMkMlMjJtYXJrZXJzJTIyJTNBJTVCJTVEJTdE\"><\/iframe>\n                  <\/div>\n                <\/div>\n              <\/div>\n            <\/div>\n          <\/div>\n        <\/div>\n      <\/div>\n    <\/section>\n    \n    \n    \n    \n  \n<\/div>","protected":false},"excerpt":{"rendered":"<p>Skontaktuj si\u0119 z nami Wype\u0142nij formularz lub zadzwo\u0144 do nas Adres Szwajcary 6032-340 Che\u0142m Email biuro@malinowewzgorze.com Telefon 602 388 291 Skontaktuj si\u0119 z nami Imi\u0119 i nazwisko* Adres email* Input Wiadomo\u015b\u0107 Wyslij wiadomo\u015b\u0107 Dzi\u0119kujemy! Twoja wiadomo\u015b\u0107 zosta\u0142a wys\u0142ana! Przepraszamy, wiadomo\u015b\u0107 nie mog\u0142a zosta\u0107 wys\u0142ana. Popraw b\u0142\u0119dy i spr\u00f3buj ponownie.<\/p>\n","protected":false},"author":1,"featured_media":0,"parent":0,"menu_order":2,"comment_status":"closed","ping_status":"closed","template":"","meta":{"footnotes":""},"class_list":["post-1556","page","type-page","status-publish","hentry"],"_links":{"self":[{"href":"https:\/\/malinowewzgorze.growbis.pl\/index.php\/wp-json\/wp\/v2\/pages\/1556","targetHints":{"allow":["GET"]}}],"collection":[{"href":"https:\/\/malinowewzgorze.growbis.pl\/index.php\/wp-json\/wp\/v2\/pages"}],"about":[{"href":"https:\/\/malinowewzgorze.growbis.pl\/index.php\/wp-json\/wp\/v2\/types\/page"}],"author":[{"embeddable":true,"href":"https:\/\/malinowewzgorze.growbis.pl\/index.php\/wp-json\/wp\/v2\/users\/1"}],"replies":[{"embeddable":true,"href":"https:\/\/malinowewzgorze.growbis.pl\/index.php\/wp-json\/wp\/v2\/comments?post=1556"}],"version-history":[{"count":1,"href":"https:\/\/malinowewzgorze.growbis.pl\/index.php\/wp-json\/wp\/v2\/pages\/1556\/revisions"}],"predecessor-version":[{"id":1565,"href":"https:\/\/malinowewzgorze.growbis.pl\/index.php\/wp-json\/wp\/v2\/pages\/1556\/revisions\/1565"}],"wp:attachment":[{"href":"https:\/\/malinowewzgorze.growbis.pl\/index.php\/wp-json\/wp\/v2\/media?parent=1556"}],"curies":[{"name":"wp","href":"https:\/\/api.w.org\/{rel}","templated":true}]}}