{"id":1557,"date":"2025-04-29T10:52:07","date_gmt":"2025-04-29T10:52:07","guid":{"rendered":"http:\/\/malinowewzgorze.growbis.pl\/index.php\/syropy\/"},"modified":"2025-04-29T10:52:14","modified_gmt":"2025-04-29T10:52:14","slug":"syropy","status":"publish","type":"page","link":"https:\/\/malinowewzgorze.growbis.pl\/index.php\/syropy\/","title":{"rendered":"Syropy"},"content":{"rendered":"<div class=\"woocommerce\">\n  \n    <section class=\"u-clearfix u-container-align-center u-image u-shading u-section-1\" id=\"sec-cfe3\" data-image-width=\"1740\" data-image-height=\"573\" style=\"background-image: linear-gradient(0deg, rgba(0, 0, 0, 0.1), rgba(0, 0, 0, 0.1)), url(&quot;https:\/\/malinowewzgorze.growbis.pl\/wp-content\/uploads\/2025\/04\/Sokinagwek-2.webp&quot;);\">\n      <div class=\"u-clearfix u-sheet u-sheet-1\">\n        <div class=\"u-align-left u-border-5 u-border-white u-container-align-center u-container-align-left u-container-align-left-xl u-container-style u-group u-radius u-shading u-shape-round u-group-1\" data-animation-name=\"customAnimationIn\" data-animation-duration=\"1000\" data-animation-delay=\"0\">\n          <div class=\"u-container-layout u-valign-middle u-container-layout-1\">\n            <h1 class=\"u-align-center u-text u-text-default u-text-1\">Syropy<\/h1>\n          <\/div>\n        <\/div>\n      <\/div>\n    <\/section>\n    <section class=\"u-align-center u-clearfix u-container-align-center u-section-2\" id=\"sec-73d1\">\n      <div class=\"data-layout-selected u-clearfix u-gutter-34 u-layout-wrap u-layout-wrap-1\">\n        <div class=\"u-layout\" style=\"\">\n          <div class=\"u-layout-row\" style=\"\">\n            <div class=\"u-container-align-left u-container-style u-layout-cell u-radius u-right-cell u-shape-round u-size-30-lg u-size-30-xl u-size-60-md u-size-60-sm u-size-60-xs u-size-xs-60 u-white u-layout-cell-1\" data-animation-name=\"customAnimationIn\" data-animation-duration=\"1500\">\n              <div class=\"u-border-2 u-border-custom-color-2 u-border-no-bottom u-border-no-left u-container-layout u-valign-top u-container-layout-1\">\n                <h3 class=\"u-align-left u-text u-text-1\"> Naturalne syropy \u2013 esencja owoc\u00f3w w ka\u017cdej kropli&nbsp;<\/h3>\n                <p class=\"u-align-justify u-text u-text-2\"> Nasze syropy to po\u0142\u0105czenie intensywnego smaku owoc\u00f3w z odrobin\u0105 naturalnej s\u0142odyczy. To soki owocowe wzbogacone o cukier, aby uzyska\u0107 g\u0119stsz\u0105 konsystencj\u0119 i skoncentrowany smak. Pami\u0119tajcie \u2013 im g\u0119stszy syrop, tym wi\u0119cej cukru! U nas stosujemy tylko 20% cukru, bo chcemy, by smak owocu by\u0142 zawsze na pierwszym miejscu.<\/p>\n              <\/div>\n            <\/div>\n            <div class=\"u-align-center u-container-align-center u-container-style u-image u-image-round u-layout-cell u-left-cell u-radius u-size-30-lg u-size-30-xl u-size-60-md u-size-60-sm u-size-60-xs u-size-xs-60 u-image-1\" src=\"\" data-animation-name=\"customAnimationIn\" data-animation-duration=\"1500\" data-animation-delay=\"500\" data-image-width=\"1024\" data-image-height=\"1024\" style=\"background-image: url(&quot;https:\/\/malinowewzgorze.growbis.pl\/wp-content\/uploads\/2025\/04\/Sokbezdodatkucukru-2.webp&quot;);\">\n              <div class=\"u-container-layout u-valign-top u-container-layout-2\" src=\"\"><\/div>\n            <\/div>\n          <\/div>\n        <\/div>\n      <\/div>\n    <\/section>\n    <section class=\"u-align-center u-clearfix u-container-align-center u-section-3\" id=\"sec-48e6\">\n      <div class=\"u-clearfix u-sheet u-sheet-1\">\n        <div class=\"data-layout-selected u-clearfix u-expanded-width u-gutter-42 u-layout-wrap u-layout-wrap-1\">\n          <div class=\"u-layout\">\n            <div class=\"u-layout-row\">\n              <div class=\"u-container-style u-layout-cell u-left-cell u-size-29 u-layout-cell-1\">\n                <div class=\"u-container-layout\">\n                  <div class=\"custom-expanded u-custom-color-2 u-shape u-shape-rectangle u-shape-1\" data-animation-name=\"customAnimationIn\" data-animation-duration=\"1000\" data-animation-delay=\"0\"><\/div>\n                  <div class=\"custom-expanded u-border-16 u-border-custom-color-2 u-shape u-shape-rectangle u-shape-2\" data-animation-name=\"customAnimationIn\" data-animation-duration=\"1000\" data-animation-delay=\"0\"><\/div>\n                  <img decoding=\"async\" class=\"u-expanded-width-md u-expanded-width-sm u-expanded-width-xs u-image u-image-1\" src=\"https:\/\/malinowewzgorze.growbis.pl\/wp-content\/uploads\/2025\/04\/Syropzrokitnika-2.jpg\" data-image-width=\"567\" data-image-height=\"960\" data-animation-name=\"customAnimationIn\" data-animation-duration=\"1000\" data-animation-delay=\"0\">\n                <\/div>\n              <\/div>\n              <div class=\"u-container-style u-layout-cell u-right-cell u-size-31 u-layout-cell-2\">\n                <div class=\"u-container-layout u-container-layout-2\">\n                  <h1 class=\"u-custom-font u-font-oswald u-text u-text-1\" data-animation-name=\"customAnimationIn\" data-animation-duration=\"1000\" data-animation-delay=\"0\" data-animation-out=\"0\"> Co wyr\u00f3\u017cnia nasze syropy?<\/h1>\n                  <ul class=\"u-align-justify u-custom-list u-large-text u-text u-text-variant u-text-2\" data-animation-name=\"customAnimationIn\" data-animation-duration=\"1000\" data-animation-delay=\"0\" data-animation-out=\"0\">\n                    <li>\n                      <div class=\"u-list-icon u-text-custom-color-2\">\n                        <div>\u2764<\/div>\n                      <\/div><span style=\"font-weight: 700;\">Autentyczny smak owoc\u00f3w<\/span> \u2013 pe\u0142nia naturalnej s\u0142odyczy i aromatu, bez sztucznych dodatk\u00f3w, podkre\u015blaj\u0105ca bogactwo smaku dojrza\u0142ych owoc\u00f3w.\n                    <\/li>\n                    <li>\n                      <div class=\"u-list-icon u-text-custom-color-2\">\n                        <div>\u2764<\/div>\n                      <\/div><span style=\"font-weight: 700;\">Minimalna ilo\u015b\u0107 cukru<\/span> \u2013 tylko 20%, dzi\u0119ki czemu syropy zachowuj\u0105 idealn\u0105 r\u00f3wnowag\u0119 mi\u0119dzy s\u0142odycz\u0105 a esencj\u0105 owoc\u00f3w, nie przyt\u0142aczaj\u0105c ich naturalnego smaku.\n                    <\/li>\n                    <li>\n                      <div class=\"u-list-icon u-text-custom-color-2\">\n                        <div>\u2764<\/div>\n                      <\/div><span style=\"font-weight: 700;\">Bez sztucznych barwnik\u00f3w i konserwant\u00f3w<\/span> \u2013 tylko owoce i cukier, co sprawia, \u017ce nasze syropy s\u0105 zdrow\u0105 i naturaln\u0105 alternatyw\u0105 dla sztucznie s\u0142odzonych produkt\u00f3w.\n                    <\/li>\n                    <li>\n                      <div class=\"u-list-icon u-text-custom-color-2\">\n                        <div>\u2764<\/div>\n                      <\/div><span style=\"font-weight: 700;\">Wszechstronno\u015b\u0107 zastosowa\u0144<\/span> \u2013 doskona\u0142e do herbaty, deser\u00f3w, nale\u015bnik\u00f3w, lemoniad, koktajli, a tak\u017ce jako dodatek do \u015bniada\u0144 i wypiek\u00f3w.\n                    <\/li>\n                  <\/ul>\n                <\/div>\n              <\/div>\n            <\/div>\n          <\/div>\n        <\/div>\n      <\/div>\n    <\/section>\n    <section class=\"u-align-center u-clearfix u-container-align-center u-section-4\" id=\"sec-55f9\">\n      <div class=\"u-clearfix u-sheet u-sheet-1\">\n        <h2 class=\"u-align-center u-text u-text-1\"> Dlaczego warto wybra\u0107 nasze soki?<\/h2>\n        <p class=\"u-align-center u-text u-text-2\"> Si\u0119gaj\u0105c po prawdziwy sok, wybieracie natur\u0119 w jej najczystszej postaci! Nie znajdziecie tu sztucznych dodatk\u00f3w ani zb\u0119dnych ulepszaczy \u2013 tylko owoce i ich naturalne bogactwo. To doskona\u0142y wyb\u00f3r dla wszystkich, kt\u00f3rzy ceni\u0105 zdrowy tryb \u017cycia, autentyczny smak i pe\u0142nowarto\u015bciowe produkty.<\/p>\n        <div class=\"u-expanded-width u-list u-list-1\">\n          <div class=\"u-repeater u-repeater-1\">\n            <div class=\"u-align-center u-border-2 u-border-custom-color-2 u-border-no-left u-border-no-right u-border-no-top u-container-align-center u-container-style u-list-item u-radius u-repeater-item u-shape-round u-list-item-1\">\n              <div class=\"u-container-layout u-similar-container u-valign-top u-container-layout-1\">\n                <img decoding=\"async\" alt=\"\" class=\"u-image u-image-default u-image-1\" data-image-width=\"400\" data-image-height=\"533\" src=\"https:\/\/malinowewzgorze.growbis.pl\/wp-content\/uploads\/2025\/04\/Sokzgranatu-2.webp\">\n                <h5 class=\"u-text u-text-3\">Syrop z granatu<\/h5>\n                <a href=\"\" class=\"u-align-center u-border-2 u-border-custom-color-2 u-border-hover-custom-color-2 u-btn u-button-style u-hover-custom-color-2 u-radius u-btn-1\">Sklep on-online <\/a>\n              <\/div>\n            <\/div>\n            <div class=\"u-align-center u-border-2 u-border-custom-color-2 u-border-no-left u-border-no-right u-border-no-top u-container-align-center u-container-style u-list-item u-radius u-repeater-item u-shape-round u-list-item-2\">\n              <div class=\"u-container-layout u-similar-container u-valign-top u-container-layout-2\">\n                <img decoding=\"async\" alt=\"\" class=\"u-image u-image-default u-image-2\" data-image-width=\"450\" data-image-height=\"600\" src=\"https:\/\/malinowewzgorze.growbis.pl\/wp-content\/uploads\/2025\/04\/Syroptruskawkowy-2.webp\">\n                <h5 class=\"u-text u-text-4\">Syrop truskawkowy<\/h5>\n                <a href=\"\" class=\"u-align-center u-border-2 u-border-custom-color-2 u-border-hover-custom-color-2 u-btn u-button-style u-hover-custom-color-2 u-radius u-btn-2\"> Sklep on-online <\/a>\n              <\/div>\n            <\/div>\n            <div class=\"u-align-center u-border-2 u-border-custom-color-2 u-border-no-left u-border-no-right u-border-no-top u-container-align-center u-container-style u-list-item u-radius u-repeater-item u-shape-round u-list-item-3\">\n              <div class=\"u-container-layout u-similar-container u-valign-top u-container-layout-3\">\n                <img decoding=\"async\" alt=\"\" class=\"u-image u-image-default u-image-3\" data-image-width=\"450\" data-image-height=\"600\" src=\"https:\/\/malinowewzgorze.growbis.pl\/wp-content\/uploads\/2025\/04\/Syropwiniowy-2.webp\">\n                <h5 class=\"u-text u-text-5\">Syrop wi\u015bniowy<\/h5>\n                <a href=\"\" class=\"u-align-center u-border-2 u-border-custom-color-2 u-border-hover-custom-color-2 u-btn u-button-style u-hover-custom-color-2 u-radius u-btn-3\"> Sklep on-online <\/a>\n              <\/div>\n            <\/div>\n            <div class=\"u-align-center u-border-2 u-border-custom-color-2 u-border-no-left u-border-no-right u-border-no-top u-container-align-center u-container-style u-list-item u-radius u-repeater-item u-shape-round u-list-item-4\">\n              <div class=\"u-container-layout u-similar-container u-valign-top u-container-layout-4\">\n                <img decoding=\"async\" alt=\"\" class=\"u-image u-image-default u-image-4\" data-image-width=\"450\" data-image-height=\"600\" src=\"https:\/\/malinowewzgorze.growbis.pl\/wp-content\/uploads\/2025\/04\/Syropzagrestu-2.webp\">\n                <h5 class=\"u-text u-text-6\">Syrop z agrestu<\/h5>\n                <a href=\"\" class=\"u-align-center u-border-2 u-border-custom-color-2 u-border-hover-custom-color-2 u-btn u-button-style u-hover-custom-color-2 u-radius u-btn-4\"> Sklep on-online <\/a>\n              <\/div>\n            <\/div>\n            <div class=\"u-align-center u-border-2 u-border-custom-color-2 u-border-no-left u-border-no-right u-border-no-top u-container-align-center u-container-style u-list-item u-radius u-repeater-item u-shape-round u-list-item-5\">\n              <div class=\"u-container-layout u-similar-container u-valign-top u-container-layout-5\">\n                <img decoding=\"async\" alt=\"\" class=\"u-image u-image-default u-image-5\" data-image-width=\"450\" data-image-height=\"600\" src=\"https:\/\/malinowewzgorze.growbis.pl\/wp-content\/uploads\/2025\/04\/Syropzczarnejporzeczki-2.webp\">\n                <h5 class=\"u-text u-text-7\">Syrop z czarnej porzeczki<\/h5>\n                <a href=\"\" class=\"u-align-center u-border-2 u-border-custom-color-2 u-border-hover-custom-color-2 u-btn u-button-style u-hover-custom-color-2 u-radius u-btn-5\"> Sklep on-online <\/a>\n              <\/div>\n            <\/div>\n            <div class=\"u-align-center u-border-2 u-border-custom-color-2 u-border-no-left u-border-no-right u-border-no-top u-container-align-center u-container-style u-list-item u-radius u-repeater-item u-shape-round u-list-item-6\">\n              <div class=\"u-container-layout u-similar-container u-valign-top u-container-layout-6\">\n                <img decoding=\"async\" alt=\"\" class=\"u-image u-image-default u-image-6\" data-image-width=\"450\" data-image-height=\"600\" src=\"https:\/\/malinowewzgorze.growbis.pl\/wp-content\/uploads\/2025\/04\/Syropzdzikiejry-2.webp\">\n                <h5 class=\"u-text u-text-8\">Syrop z dzikiej r\u00f3\u017cy<\/h5>\n                <a href=\"\" class=\"u-align-center u-border-2 u-border-custom-color-2 u-border-hover-custom-color-2 u-btn u-button-style u-hover-custom-color-2 u-radius u-btn-6\"> Sklep on-online <\/a>\n              <\/div>\n            <\/div>\n            <div class=\"u-align-center u-border-2 u-border-custom-color-2 u-border-no-left u-border-no-right u-border-no-top u-container-align-center u-container-style u-list-item u-radius u-repeater-item u-shape-round u-list-item-7\">\n              <div class=\"u-container-layout u-similar-container u-valign-top u-container-layout-7\">\n                <img decoding=\"async\" alt=\"\" class=\"u-image u-image-default u-image-7\" data-image-width=\"450\" data-image-height=\"600\" src=\"https:\/\/malinowewzgorze.growbis.pl\/wp-content\/uploads\/2025\/04\/Syropzgranatu-2.webp\">\n                <h5 class=\"u-text u-text-9\">Syrop z granatu<\/h5>\n                <a href=\"\" class=\"u-align-center u-border-2 u-border-custom-color-2 u-border-hover-custom-color-2 u-btn u-button-style u-hover-custom-color-2 u-radius u-btn-7\"> Sklep on-online <\/a>\n              <\/div>\n            <\/div>\n            <div class=\"u-align-center u-border-2 u-border-custom-color-2 u-border-no-left u-border-no-right u-border-no-top u-container-align-center u-container-style u-list-item u-radius u-repeater-item u-shape-round u-list-item-8\">\n              <div class=\"u-container-layout u-similar-container u-valign-top u-container-layout-8\">\n                <img decoding=\"async\" alt=\"\" class=\"u-image u-image-default u-image-8\" data-image-width=\"450\" data-image-height=\"600\" src=\"https:\/\/malinowewzgorze.growbis.pl\/wp-content\/uploads\/2025\/04\/Syropzimbiruicytryny-2.webp\">\n                <h5 class=\"u-text u-text-10\">Syrop z imbiru i cytryny<br>\n                <\/h5>\n                <a href=\"\" class=\"u-align-center u-border-2 u-border-custom-color-2 u-border-hover-custom-color-2 u-btn u-button-style u-hover-custom-color-2 u-radius u-btn-8\"> Sklep on-online <\/a>\n              <\/div>\n            <\/div>\n            <div class=\"u-align-center u-border-2 u-border-custom-color-2 u-border-no-left u-border-no-right u-border-no-top u-container-align-center u-container-style u-list-item u-radius u-repeater-item u-shape-round u-list-item-9\">\n              <div class=\"u-container-layout u-similar-container u-valign-top u-container-layout-9\">\n                <img decoding=\"async\" alt=\"\" class=\"u-image u-image-default u-image-9\" data-image-width=\"450\" data-image-height=\"600\" src=\"https:\/\/malinowewzgorze.growbis.pl\/wp-content\/uploads\/2025\/04\/Syropzjagodulenej-2.webp\">\n                <h5 class=\"u-text u-text-11\">Syrop z jagody le\u015bnej<\/h5>\n                <a href=\"\" class=\"u-align-center u-border-2 u-border-custom-color-2 u-border-hover-custom-color-2 u-btn u-button-style u-hover-custom-color-2 u-radius u-btn-9\"> Sklep on-online <\/a>\n              <\/div>\n            <\/div>\n            <div class=\"u-align-center u-border-2 u-border-custom-color-2 u-border-no-left u-border-no-right u-border-no-top u-container-align-center u-container-style u-list-item u-radius u-repeater-item u-shape-round u-list-item-10\">\n              <div class=\"u-container-layout u-similar-container u-valign-top u-container-layout-10\">\n                <img decoding=\"async\" alt=\"\" class=\"u-image u-image-default u-image-10\" data-image-width=\"450\" data-image-height=\"600\" src=\"https:\/\/malinowewzgorze.growbis.pl\/wp-content\/uploads\/2025\/04\/Syropzjagodykamczackiej-2.webp\">\n                <h5 class=\"u-text u-text-12\">Syrop z jagody kamczackiej<\/h5>\n                <a href=\"\" class=\"u-align-center u-border-2 u-border-custom-color-2 u-border-hover-custom-color-2 u-btn u-button-style u-hover-custom-color-2 u-radius u-btn-10\"> Sklep on-online <\/a>\n              <\/div>\n            <\/div>\n            <div class=\"u-align-center u-border-2 u-border-custom-color-2 u-border-no-left u-border-no-right u-border-no-top u-container-align-center u-container-style u-list-item u-radius u-repeater-item u-shape-round u-list-item-11\">\n              <div class=\"u-container-layout u-similar-container u-valign-top u-container-layout-11\">\n                <img decoding=\"async\" alt=\"\" class=\"u-image u-image-default u-image-11\" data-image-width=\"450\" data-image-height=\"600\" src=\"https:\/\/malinowewzgorze.growbis.pl\/wp-content\/uploads\/2025\/04\/Syropzlawendy-2.webp\">\n                <h5 class=\"u-text u-text-13\">Syrop z lawendy<\/h5>\n                <a href=\"\" class=\"u-align-center u-border-2 u-border-custom-color-2 u-border-hover-custom-color-2 u-btn u-button-style u-hover-custom-color-2 u-radius u-btn-11\"> Sklep on-online <\/a>\n              <\/div>\n            <\/div>\n            <div class=\"u-align-center u-border-2 u-border-custom-color-2 u-border-no-left u-border-no-right u-border-no-top u-container-align-center u-container-style u-list-item u-radius u-repeater-item u-shape-round u-list-item-12\">\n              <div class=\"u-container-layout u-similar-container u-valign-top u-container-layout-12\">\n                <img decoding=\"async\" alt=\"\" class=\"u-image u-image-default u-image-12\" data-image-width=\"450\" data-image-height=\"600\" src=\"https:\/\/malinowewzgorze.growbis.pl\/wp-content\/uploads\/2025\/04\/Syropzmalin-2.webp\">\n                <h5 class=\"u-text u-text-14\">Syrop z malin<\/h5>\n                <a href=\"\" class=\"u-align-center u-border-2 u-border-custom-color-2 u-border-hover-custom-color-2 u-btn u-button-style u-hover-custom-color-2 u-radius u-btn-12\"> Sklep on-online <\/a>\n              <\/div>\n            <\/div>\n            <div class=\"u-align-center u-border-2 u-border-custom-color-2 u-border-no-left u-border-no-right u-border-no-top u-container-align-center u-container-style u-list-item u-radius u-repeater-item u-shape-round u-list-item-13\">\n              <div class=\"u-container-layout u-similar-container u-valign-top u-container-layout-13\">\n                <img decoding=\"async\" alt=\"\" class=\"u-image u-image-default u-image-13\" data-image-width=\"450\" data-image-height=\"600\" src=\"https:\/\/malinowewzgorze.growbis.pl\/wp-content\/uploads\/2025\/04\/Syropzmaliniczarnegobzu-2.webp\">\n                <h5 class=\"u-text u-text-15\">Syrop z malin i czarnego bzu<\/h5>\n                <a href=\"\" class=\"u-align-center u-border-2 u-border-custom-color-2 u-border-hover-custom-color-2 u-btn u-button-style u-hover-custom-color-2 u-radius u-btn-13\"> Sklep on-online <\/a>\n              <\/div>\n            <\/div>\n            <div class=\"u-align-center u-border-2 u-border-custom-color-2 u-border-no-left u-border-no-right u-border-no-top u-container-align-center u-container-style u-list-item u-radius u-repeater-item u-shape-round u-list-item-14\">\n              <div class=\"u-container-layout u-similar-container u-valign-top u-container-layout-14\">\n                <img decoding=\"async\" alt=\"\" class=\"u-image u-image-default u-image-14\" data-image-width=\"450\" data-image-height=\"600\" src=\"https:\/\/malinowewzgorze.growbis.pl\/wp-content\/uploads\/2025\/04\/Syropzpigwowca-2.webp\">\n                <h5 class=\"u-text u-text-16\">Syrop z pigwowca<\/h5>\n                <a href=\"\" class=\"u-align-center u-border-2 u-border-custom-color-2 u-border-hover-custom-color-2 u-btn u-button-style u-hover-custom-color-2 u-radius u-btn-14\"> Sklep on-online <\/a>\n              <\/div>\n            <\/div>\n            <div class=\"u-align-center u-border-2 u-border-custom-color-2 u-border-no-left u-border-no-right u-border-no-top u-container-align-center u-container-style u-list-item u-radius u-repeater-item u-shape-round u-list-item-15\">\n              <div class=\"u-container-layout u-similar-container u-valign-top u-container-layout-15\">\n                <img decoding=\"async\" alt=\"\" class=\"u-image u-image-default u-image-15\" data-image-width=\"450\" data-image-height=\"600\" src=\"https:\/\/malinowewzgorze.growbis.pl\/wp-content\/uploads\/2025\/04\/Syropzrokitnika-2.webp\">\n                <h5 class=\"u-text u-text-17\">Syrop z rokitnika<\/h5>\n                <a href=\"\" class=\"u-align-center u-border-2 u-border-custom-color-2 u-border-hover-custom-color-2 u-btn u-button-style u-hover-custom-color-2 u-radius u-btn-15\"> Sklep on-online <\/a>\n              <\/div>\n            <\/div>\n            <div class=\"u-align-center u-border-2 u-border-custom-color-2 u-border-no-left u-border-no-right u-border-no-top u-container-align-center u-container-style u-list-item u-radius u-repeater-item u-shape-round u-list-item-16\">\n              <div class=\"u-container-layout u-similar-container u-valign-top u-container-layout-16\">\n                <img decoding=\"async\" alt=\"\" class=\"custom-expanded u-image u-image-default u-image-16\" data-image-width=\"450\" data-image-height=\"600\" src=\"https:\/\/malinowewzgorze.growbis.pl\/wp-content\/uploads\/2025\/04\/Syropzzurawiny-2.webp\">\n                <h5 class=\"u-text u-text-18\">Syrop z \u017curawiny<\/h5>\n                <a href=\"\" class=\"u-align-center u-border-2 u-border-custom-color-2 u-border-hover-custom-color-2 u-btn u-button-style u-hover-custom-color-2 u-radius u-btn-16\"> Sklep on-online <\/a>\n              <\/div>\n            <\/div>\n          <\/div>\n        <\/div>\n      <\/div>\n    <\/section>\n    \n    \n    \n    \n  \n<\/div>","protected":false},"excerpt":{"rendered":"<p>Syropy Naturalne syropy \u2013 esencja owoc\u00f3w w ka\u017cdej kropli&nbsp; Nasze syropy to po\u0142\u0105czenie intensywnego smaku owoc\u00f3w z odrobin\u0105 naturalnej s\u0142odyczy. To soki owocowe wzbogacone o cukier, aby uzyska\u0107 g\u0119stsz\u0105 konsystencj\u0119 i skoncentrowany smak. Pami\u0119tajcie \u2013 im g\u0119stszy syrop, tym wi\u0119cej cukru! U nas stosujemy tylko 20% cukru, bo chcemy, by smak owocu by\u0142 zawsze na &hellip; <a href=\"https:\/\/malinowewzgorze.growbis.pl\/index.php\/syropy\/\" class=\"more-link\">Continue reading<span class=\"screen-reader-text\"> &#8222;Syropy&#8221;<\/span><\/a><\/p>\n","protected":false},"author":1,"featured_media":0,"parent":0,"menu_order":3,"comment_status":"closed","ping_status":"closed","template":"","meta":{"footnotes":""},"class_list":["post-1557","page","type-page","status-publish","hentry"],"_links":{"self":[{"href":"https:\/\/malinowewzgorze.growbis.pl\/index.php\/wp-json\/wp\/v2\/pages\/1557","targetHints":{"allow":["GET"]}}],"collection":[{"href":"https:\/\/malinowewzgorze.growbis.pl\/index.php\/wp-json\/wp\/v2\/pages"}],"about":[{"href":"https:\/\/malinowewzgorze.growbis.pl\/index.php\/wp-json\/wp\/v2\/types\/page"}],"author":[{"embeddable":true,"href":"https:\/\/malinowewzgorze.growbis.pl\/index.php\/wp-json\/wp\/v2\/users\/1"}],"replies":[{"embeddable":true,"href":"https:\/\/malinowewzgorze.growbis.pl\/index.php\/wp-json\/wp\/v2\/comments?post=1557"}],"version-history":[{"count":1,"href":"https:\/\/malinowewzgorze.growbis.pl\/index.php\/wp-json\/wp\/v2\/pages\/1557\/revisions"}],"predecessor-version":[{"id":1566,"href":"https:\/\/malinowewzgorze.growbis.pl\/index.php\/wp-json\/wp\/v2\/pages\/1557\/revisions\/1566"}],"wp:attachment":[{"href":"https:\/\/malinowewzgorze.growbis.pl\/index.php\/wp-json\/wp\/v2\/media?parent=1557"}],"curies":[{"name":"wp","href":"https:\/\/api.w.org\/{rel}","templated":true}]}}