{"id":1558,"date":"2025-04-29T10:52:08","date_gmt":"2025-04-29T10:52:08","guid":{"rendered":"http:\/\/malinowewzgorze.growbis.pl\/index.php\/strona-glowna\/"},"modified":"2025-04-29T10:54:48","modified_gmt":"2025-04-29T10:54:48","slug":"strona-glowna","status":"publish","type":"page","link":"https:\/\/malinowewzgorze.growbis.pl\/","title":{"rendered":"Strona G\u0142\u00f3wna"},"content":{"rendered":"<div class=\"woocommerce\">\n    \n    <section class=\"u-clearfix u-image u-shading u-section-2\" id=\"sec-950a\" data-image-width=\"2048\" data-image-height=\"1536\" style=\"background-image: linear-gradient(0deg, rgba(0, 0, 0, 0.35), rgba(0, 0, 0, 0.35)), url(&quot;https:\/\/malinowewzgorze.growbis.pl\/wp-content\/uploads\/2025\/04\/Grafika-2.jpg&quot;);\">\n      <div class=\"u-clearfix u-sheet u-sheet-1\">\n        <img decoding=\"async\" class=\"u-image u-image-contain u-image-default u-image-1\" src=\"https:\/\/malinowewzgorze.growbis.pl\/wp-content\/uploads\/2025\/04\/logo_wht-2.png\" alt=\"\" data-image-width=\"469\" data-image-height=\"251\">\n        <h3 class=\"u-align-center u-text u-text-body-alt-color u-text-1\"> Witajcie w&nbsp;Malinowym Wzg\u00f3rzu<\/h3>\n        <h5 class=\"u-align-center u-text u-text-white u-text-2\"> 100% natury zamkni\u0119te w ka\u017cdej kropli<\/h5>\n      <\/div>\n    <\/section>\n    <section class=\"u-clearfix u-section-3\" id=\"sec-6faf\">\n      <div class=\"u-clearfix u-sheet u-sheet-1\">\n        <div class=\"data-layout-selected u-clearfix u-expanded-width u-layout-wrap u-layout-wrap-1\">\n          <div class=\"u-layout\">\n            <div class=\"u-layout-row\">\n              <div class=\"u-align-justify u-container-style u-layout-cell u-size-30 u-layout-cell-1\">\n                <div class=\"u-container-layout u-container-layout-1\">\n                  <p class=\"u-text u-text-1\" data-animation-name=\"customAnimationIn\" data-animation-duration=\"1000\" data-animation-delay=\"0\"> Miejscu, gdzie pasja do owoc\u00f3w spotyka si\u0119 z mi\u0142o\u015bci\u0105 do natury! Jeste\u015bmy ma\u0142\u017ce\u0144stwem, kt\u00f3re postanowi\u0142o spe\u0142ni\u0107 swoje marzenia o zdrowym stylu \u017cycia i dzieli\u0107 si\u0119 tym, co najlepsze z natury. Nasza historia zacz\u0119\u0142a si\u0119 od mi\u0142o\u015bci \u2013 nie tylko do siebie, ale tak\u017ce do malin, kt\u00f3re od pokole\u0144 uprawia rodzina panny m\u0142odej.<br>\n                    <br>Zapraszamy Was do wsp\u00f3lnego odkrywania owocowego \u015bwiata! Zaufajcie nam, a my obiecujemy dostarczy\u0107 Wam pyszne i zdrowe przetwory, kt\u00f3re umil\u0105 ka\u017cdy dzie\u0144. Dzi\u0119kujemy, \u017ce jeste\u015bcie z nami na tej owocowej przygodzie!&nbsp;<br>\n                  <\/p>\n                  <a href=\"\" class=\"u-align-center u-btn u-btn-round u-button-style u-custom-color-2 u-radius u-btn-1\" data-animation-name=\"customAnimationIn\" data-animation-duration=\"1000\" data-animation-delay=\"0\">Dowiedz si\u0119 wi\u0119cej o nas i naszej pasji <\/a>\n                <\/div>\n              <\/div>\n              <div class=\"u-container-style u-image u-image-round u-layout-cell u-radius u-size-30 u-image-1\" data-image-width=\"1536\" data-image-height=\"2048\" data-animation-name=\"customAnimationIn\" data-animation-duration=\"1000\" data-animation-delay=\"0\" style=\"background-image: url(&quot;https:\/\/malinowewzgorze.growbis.pl\/wp-content\/uploads\/2025\/04\/ZdjciePekiPani1-2.jpg&quot;);\">\n                <div class=\"u-container-layout u-container-layout-2\"><\/div>\n              <\/div>\n            <\/div>\n          <\/div>\n        <\/div>\n      <\/div>\n    <\/section>\n    <section class=\"u-clearfix u-container-align-center u-white u-section-4\" id=\"carousel_2933\">\n      <div class=\"u-clearfix u-sheet u-sheet-1\">\n        <h2 class=\"u-align-center u-text u-text-default u-text-1\"> Naturalne d\u017cemy \u2013 bez cukru lub niskos\u0142odzone, zawsze pe\u0142ne smaku.<\/h2>\n        <div class=\"data-layout-selected u-clearfix u-expanded-width u-gutter-42 u-layout-wrap u-layout-wrap-1\">\n          <div class=\"u-layout\">\n            <div class=\"u-layout-row\">\n              <div class=\"u-size-30 u-size-60-md\">\n                <div class=\"u-layout-col\">\n                  <div class=\"u-container-style u-layout-cell u-shape-rectangle u-size-20 u-layout-cell-1\">\n                    <div class=\"u-container-layout u-container-layout-1\">\n                      <div class=\"custom-expanded u-custom-color-2 u-radius u-shape u-shape-round u-shape-1\" data-animation-name=\"customAnimationIn\" data-animation-duration=\"1500\" data-animation-delay=\"250\" data-animation-direction=\"Up\"><\/div>\n                      <img decoding=\"async\" class=\"custom-expanded u-image u-image-round u-radius u-image-1\" src=\"https:\/\/malinowewzgorze.growbis.pl\/wp-content\/uploads\/2025\/04\/Demy-2.jpg\" data-image-width=\"1278\" data-image-height=\"1793\" data-animation-name=\"customAnimationIn\" data-animation-duration=\"1500\" data-animation-direction=\"Down\" data-animation-delay=\"250\">\n                    <\/div>\n                  <\/div>\n                  <div class=\"u-align-left u-container-align-left u-container-style u-layout-cell u-shape-rectangle u-size-40 u-layout-cell-2\" data-animation-name=\"customAnimationIn\" data-animation-duration=\"1500\" data-animation-delay=\"500\">\n                    <div class=\"u-container-layout u-container-layout-2\">\n                      <h2 class=\"u-align-left u-text u-text-2\" data-animation-name=\"fadeIn\" data-animation-duration=\"1000\" data-animation-direction=\"Down\"> D\u017cemy niskos\u0142odzone \u2013 wi\u0119cej owoc\u00f3w, mniej cukru!<\/h2>\n                      <p class=\"u-align-left u-text u-text-3\"> D\u017cemy \"Malinowe Wzg\u00f3rze\" to 85% owoc\u00f3w i tylko 12% cukru \u2013 idealna r\u00f3wnowaga mi\u0119dzy naturaln\u0105 s\u0142odycz\u0105 a intensywnym smakiem. Tworzone w ma\u0142ej manufakturze wed\u0142ug tradycyjnych receptur, bez zb\u0119dnych dodatk\u00f3w. Pyszne, owocowe i pe\u0142ne aromatu!<\/p>\n                      <a href=\"#\" class=\"u-align-left u-btn u-button-style u-custom-color-2 u-radius u-btn-1\"> Odkryj Soki Malinowego Wzg\u00f3rza!<\/a>\n                    <\/div>\n                  <\/div>\n                <\/div>\n              <\/div>\n              <div class=\"u-size-30 u-size-60-md\">\n                <div class=\"u-layout-col\">\n                  <div class=\"u-align-left u-container-align-left u-container-style u-layout-cell u-size-40 u-layout-cell-3\" data-animation-name=\"customAnimationIn\" data-animation-duration=\"1500\" data-animation-delay=\"500\">\n                    <div class=\"u-container-layout u-valign-middle u-container-layout-3\">\n                      <h2 class=\"u-align-left u-text u-text-4\" data-animation-name=\"fadeIn\" data-animation-duration=\"1000\" data-animation-direction=\"Down\"> D\u017cemy 100% owoc\u00f3w \u2013 naturalna s\u0142odycz bez cukru!<\/h2>\n                      <p class=\"u-align-left u-text u-text-5\">\n                        <span style=\"font-weight: 700;\"> D\u017cemy \"Malinowe Wzg\u00f3rze\"<\/span> to czysta esencja owoc\u00f3w \u2013 <span style=\"font-weight: 700;\">bez dodatku cukru, konserwant\u00f3w i sztucznych sk\u0142adnik\u00f3w<\/span>. Produkowane w ma\u0142ej manufakturze wed\u0142ug tradycyjnych receptur, zachowuj\u0105 <span style=\"font-weight: 700;\">pe\u0142ni\u0119 smaku i warto\u015bci od\u017cywczych<\/span>. Naturalna s\u0142odycz, prosto z owoc\u00f3w! \n                      <\/p>\n                      <a href=\"#\" class=\"u-align-left u-btn u-button-style u-custom-color-2 u-radius u-btn-2\"> Odkryj d\u017cemy Malinowego Wzg\u00f3rza!<\/a>\n                    <\/div>\n                  <\/div>\n                  <div class=\"u-container-style u-layout-cell u-shape-rectangle u-size-20 u-layout-cell-4\">\n                    <div class=\"u-container-layout u-container-layout-4\">\n                      <div class=\"u-custom-color-2 u-expanded-width-xs u-radius u-shape u-shape-round u-shape-2\" data-animation-name=\"customAnimationIn\" data-animation-duration=\"1500\" data-animation-delay=\"500\" data-animation-direction=\"Right\"><\/div>\n                      <img decoding=\"async\" src=\"https:\/\/malinowewzgorze.growbis.pl\/wp-content\/uploads\/2025\/04\/Dzemyniskosodzone-2.webp\" alt=\"\" class=\"u-image u-image-round u-radius u-image-2\" data-image-width=\"358\" data-image-height=\"623\" data-animation-name=\"customAnimationIn\" data-animation-duration=\"1500\" data-animation-direction=\"Up\" data-animation-delay=\"500\">\n                    <\/div>\n                  <\/div>\n                <\/div>\n              <\/div>\n            <\/div>\n          <\/div>\n        <\/div>\n      <\/div>\n    <\/section>\n    <section class=\"u-clearfix u-container-align-center u-white u-section-5\" id=\"sec-8083\">\n      <div class=\"u-clearfix u-sheet u-sheet-1\">\n        <h2 class=\"u-text u-text-default u-text-1\"> Esencja owoc\u00f3w zamkni\u0119ta w butelce \u2013 soki i syropy<span style=\"font-weight: 700;\"><\/span>\n        <\/h2>\n        <div class=\"data-layout-selected u-clearfix u-expanded-width u-gutter-42 u-layout-wrap u-layout-wrap-1\">\n          <div class=\"u-layout\">\n            <div class=\"u-layout-row\">\n              <div class=\"u-size-30 u-size-60-md\">\n                <div class=\"u-layout-col\">\n                  <div class=\"u-container-style u-layout-cell u-shape-rectangle u-size-20 u-layout-cell-1\">\n                    <div class=\"u-container-layout u-container-layout-1\">\n                      <div class=\"custom-expanded u-custom-color-2 u-radius u-shape u-shape-round u-shape-1\" data-animation-name=\"customAnimationIn\" data-animation-duration=\"1500\" data-animation-delay=\"250\" data-animation-direction=\"Up\"><\/div>\n                      <img decoding=\"async\" class=\"custom-expanded u-image u-image-round u-radius u-image-1\" src=\"https:\/\/malinowewzgorze.growbis.pl\/wp-content\/uploads\/2025\/04\/ONasMalinowewzgrze1-2.jpg\" data-image-width=\"526\" data-image-height=\"701\" data-animation-name=\"customAnimationIn\" data-animation-duration=\"1500\" data-animation-direction=\"Down\" data-animation-delay=\"250\">\n                    <\/div>\n                  <\/div>\n                  <div class=\"u-align-left u-container-align-left u-container-style u-layout-cell u-shape-rectangle u-size-40 u-layout-cell-2\" data-animation-name=\"customAnimationIn\" data-animation-duration=\"1500\" data-animation-delay=\"500\">\n                    <div class=\"u-container-layout u-container-layout-2\">\n                      <h2 class=\"u-align-left u-text u-text-2\" data-animation-name=\"fadeIn\" data-animation-duration=\"1000\" data-animation-direction=\"Down\"> Syropy pe\u0142ne owocowego smaku \u2013 mniej cukru, wi\u0119cej natury! <\/h2>\n                      <p class=\"u-align-left u-text u-text-3\"> Nasze syropy to intensywny smak owoc\u00f3w z odrobin\u0105 naturalnej s\u0142odyczy. Dzi\u0119ki tylko 20% cukru, zachowujemy idealn\u0105 r\u00f3wnowag\u0119 mi\u0119dzy g\u0119st\u0105 konsystencj\u0105 a prawdziw\u0105 owocow\u0105 esencj\u0105. Wi\u0119cej smaku, mniej cukru \u2013 tak w\u0142a\u015bnie robimy syropy!<\/p>\n                      <a href=\"#\" class=\"u-align-left u-btn u-button-style u-custom-color-2 u-radius u-btn-1\"> Odkryj Soki Malinowego Wzg\u00f3rza!<\/a>\n                    <\/div>\n                  <\/div>\n                <\/div>\n              <\/div>\n              <div class=\"u-size-30 u-size-60-md\">\n                <div class=\"u-layout-col\">\n                  <div class=\"u-align-left u-container-align-left u-container-style u-layout-cell u-size-40 u-layout-cell-3\" data-animation-name=\"customAnimationIn\" data-animation-duration=\"1500\" data-animation-delay=\"500\">\n                    <div class=\"u-container-layout u-valign-middle u-container-layout-3\">\n                      <h2 class=\"u-align-left u-text u-text-4\" data-animation-name=\"fadeIn\" data-animation-duration=\"1000\" data-animation-direction=\"Down\"> Prawdziwy sok \u2013 czysta natura w ka\u017cdej kropli! <\/h2>\n                      <p class=\"u-align-left u-text u-text-5\">\n                        <span style=\"font-weight: 700;\"><\/span> Soki \"Malinowe Wzg\u00f3rze\"&nbsp;to prawdziwa owocowa rado\u015b\u0107 zamkni\u0119ta w butelce! Nasze soki powstaj\u0105 z pasji do natury i mi\u0142o\u015bci do zdrowego stylu \u017cycia. Ka\u017cda kropla to esencja \u015bwie\u017cych owoc\u00f3w, zbieranych od zaprzyja\u017anionych lokalnych plantator\u00f3w. \n                      <\/p>\n                      <a href=\"#\" class=\"u-align-left u-btn u-button-style u-custom-color-2 u-radius u-btn-2\"> Odkryj d\u017cemy Malinowego Wzg\u00f3rza!<\/a>\n                    <\/div>\n                  <\/div>\n                  <div class=\"u-container-style u-layout-cell u-shape-rectangle u-size-20 u-layout-cell-4\">\n                    <div class=\"u-container-layout u-container-layout-4\">\n                      <div class=\"u-custom-color-2 u-expanded-width-xs u-radius u-shape u-shape-round u-shape-2\" data-animation-name=\"customAnimationIn\" data-animation-duration=\"1500\" data-animation-delay=\"500\" data-animation-direction=\"Right\"><\/div>\n                      <img decoding=\"async\" src=\"https:\/\/malinowewzgorze.growbis.pl\/wp-content\/uploads\/2025\/04\/Syropzrokitnika-2.jpg\" alt=\"\" class=\"u-image u-image-round u-radius u-image-2\" data-image-width=\"567\" data-image-height=\"960\" data-animation-name=\"customAnimationIn\" data-animation-duration=\"1500\" data-animation-direction=\"Up\" data-animation-delay=\"500\">\n                    <\/div>\n                  <\/div>\n                <\/div>\n              <\/div>\n            <\/div>\n          <\/div>\n        <\/div>\n      <\/div>\n    <\/section>\n    <section class=\"u-align-center u-clearfix u-container-align-center u-custom-color-2 u-section-6\" id=\"sec-1d50\">\n      <div class=\"u-clearfix u-sheet u-sheet-1\">\n        <h2 class=\"u-align-center u-text u-text-default u-text-1\">Aktualno\u015bci<\/h2>\n        <div class=\"custom-expanded u-blog u-layout-grid u-blog-1\" data-max-items=\"2\" data-site-sorting-prop=\"created\" data-site-sorting-order=\"desc\">\n          <div class=\"u-list-control\"><\/div>\n          <div class=\"u-repeater u-repeater-1\">\n            <div class=\"u-blog-post u-container-style u-repeater-item\">\n              <div class=\"u-container-layout u-similar-container u-valign-top u-container-layout-1\"><a class=\"u-blog-control u-expanded-width u-image u-image-default u-image-1\" href=\"https:\/\/malinowewzgorze.growbis.pl\/index.php\/2025\/03\/17\/naglowek-posta-6\/\">\n                <img decoding=\"async\" alt=\"\" class=\"u-blog-control u-expanded-width u-image u-image-default u-image-1\" src=\"http:\/\/malinowewzgorze.growbis.pl\/wp-content\/uploads\/2025\/03\/8ad73f3c-6.jpeg\"><\/a>\n                <h2 class=\"u-align-center u-blog-control u-text u-text-2\">\n                  <a class=\"u-post-header-link\" href=\"https:\/\/malinowewzgorze.growbis.pl\/index.php\/2025\/03\/17\/naglowek-posta-6\/\">Nag\u0142\u00f3wek posta 6<\/a>\n                <\/h2>\n                <div class=\"u-align-center u-blog-control u-post-content u-text u-text-3\">Przyk\u0142adowy ma\u0142y tekst. Lorem ipsum dolor sit amet.<\/div>\n                <a href=\"https:\/\/malinowewzgorze.growbis.pl\/index.php\/2025\/03\/17\/naglowek-posta-6\/\" class=\"u-active-none u-align-center u-blog-control u-border-2 u-border-hover-custom-color-2 u-border-none u-btn u-button-style u-hover-none u-radius u-text-custom-color-2 u-white u-btn-1\">Dowiedz si\u0119 wi\u0119cej <\/a>\n              <\/div>\n            <\/div>\n            <div class=\"u-blog-post u-container-style u-repeater-item\">\n              <div class=\"u-container-layout u-similar-container u-valign-top u-container-layout-2\"><a class=\"u-blog-control u-expanded-width u-image u-image-default u-image-2\" href=\"https:\/\/malinowewzgorze.growbis.pl\/index.php\/2025\/03\/17\/naglowek-posta-5\/\">\n                <img decoding=\"async\" alt=\"\" class=\"u-blog-control u-expanded-width u-image u-image-default u-image-2\" src=\"http:\/\/malinowewzgorze.growbis.pl\/wp-content\/uploads\/2025\/03\/68f64b9d-6.jpeg\"><\/a>\n                <h2 class=\"u-align-center u-blog-control u-text u-text-4\">\n                  <a class=\"u-post-header-link\" href=\"https:\/\/malinowewzgorze.growbis.pl\/index.php\/2025\/03\/17\/naglowek-posta-5\/\">Nag\u0142\u00f3wek posta 5<\/a>\n                <\/h2>\n                <div class=\"u-align-center u-blog-control u-post-content u-text u-text-5\">Przyk\u0142adowy ma\u0142y tekst. Lorem ipsum dolor sit amet.<\/div>\n                <a href=\"https:\/\/malinowewzgorze.growbis.pl\/index.php\/2025\/03\/17\/naglowek-posta-5\/\" class=\"u-active-none u-align-center u-blog-control u-border-2 u-border-hover-grey-75 u-border-none u-btn u-button-style u-hover-none u-radius u-text-custom-color-2 u-white u-btn-2\">Dowiedz si\u0119 wi\u0119cej <\/a>\n              <\/div>\n            <\/div>\n          <\/div>\n          <div class=\"u-list-control\"><\/div>\n        <\/div>\n      <\/div>\n    <\/section>\n    \n    \n    \n  \n<\/div>","protected":false},"excerpt":{"rendered":"<p>Witajcie w&nbsp;Malinowym Wzg\u00f3rzu 100% natury zamkni\u0119te w ka\u017cdej kropli Miejscu, gdzie pasja do owoc\u00f3w spotyka si\u0119 z mi\u0142o\u015bci\u0105 do natury! Jeste\u015bmy ma\u0142\u017ce\u0144stwem, kt\u00f3re postanowi\u0142o spe\u0142ni\u0107 swoje marzenia o zdrowym stylu \u017cycia i dzieli\u0107 si\u0119 tym, co najlepsze z natury. Nasza historia zacz\u0119\u0142a si\u0119 od mi\u0142o\u015bci \u2013 nie tylko do siebie, ale tak\u017ce do malin, kt\u00f3re &hellip; <a href=\"https:\/\/malinowewzgorze.growbis.pl\/\" class=\"more-link\">Continue reading<span class=\"screen-reader-text\"> &#8222;Strona G\u0142\u00f3wna&#8221;<\/span><\/a><\/p>\n","protected":false},"author":1,"featured_media":0,"parent":0,"menu_order":4,"comment_status":"closed","ping_status":"closed","template":"","meta":{"footnotes":""},"class_list":["post-1558","page","type-page","status-publish","hentry"],"_links":{"self":[{"href":"https:\/\/malinowewzgorze.growbis.pl\/index.php\/wp-json\/wp\/v2\/pages\/1558","targetHints":{"allow":["GET"]}}],"collection":[{"href":"https:\/\/malinowewzgorze.growbis.pl\/index.php\/wp-json\/wp\/v2\/pages"}],"about":[{"href":"https:\/\/malinowewzgorze.growbis.pl\/index.php\/wp-json\/wp\/v2\/types\/page"}],"author":[{"embeddable":true,"href":"https:\/\/malinowewzgorze.growbis.pl\/index.php\/wp-json\/wp\/v2\/users\/1"}],"replies":[{"embeddable":true,"href":"https:\/\/malinowewzgorze.growbis.pl\/index.php\/wp-json\/wp\/v2\/comments?post=1558"}],"version-history":[{"count":2,"href":"https:\/\/malinowewzgorze.growbis.pl\/index.php\/wp-json\/wp\/v2\/pages\/1558\/revisions"}],"predecessor-version":[{"id":1592,"href":"https:\/\/malinowewzgorze.growbis.pl\/index.php\/wp-json\/wp\/v2\/pages\/1558\/revisions\/1592"}],"wp:attachment":[{"href":"https:\/\/malinowewzgorze.growbis.pl\/index.php\/wp-json\/wp\/v2\/media?parent=1558"}],"curies":[{"name":"wp","href":"https:\/\/api.w.org\/{rel}","templated":true}]}}