{"id":1559,"date":"2025-04-29T10:52:09","date_gmt":"2025-04-29T10:52:09","guid":{"rendered":"http:\/\/malinowewzgorze.growbis.pl\/index.php\/hurt\/"},"modified":"2025-04-29T10:56:45","modified_gmt":"2025-04-29T10:56:45","slug":"hurt","status":"publish","type":"page","link":"https:\/\/malinowewzgorze.growbis.pl\/index.php\/hurt\/","title":{"rendered":"Hurt"},"content":{"rendered":"<div class=\"woocommerce\">\n    \n    <section class=\"u-clearfix u-container-align-center u-image u-shading u-section-2\" id=\"sec-a63b\" data-image-width=\"1536\" data-image-height=\"1024\" style=\"background-image: linear-gradient(0deg, rgba(0, 0, 0, 0.1), rgba(0, 0, 0, 0.1)), url(&quot;https:\/\/malinowewzgorze.growbis.pl\/wp-content\/uploads\/2025\/04\/HurtMalinoweWzgrze.webp&quot;);\">\n      <div class=\"u-clearfix u-sheet u-sheet-1\">\n        <div class=\"u-align-left u-border-5 u-border-white u-container-align-center u-container-align-left u-container-align-left-xl u-container-style u-group u-radius u-shading u-shape-round u-group-1\" data-animation-name=\"customAnimationIn\" data-animation-duration=\"1000\" data-animation-delay=\"0\">\n          <div class=\"u-container-layout u-valign-middle u-container-layout-1\">\n            <h1 class=\"u-align-center u-text u-text-default u-text-1\">Hurt<\/h1>\n          <\/div>\n        <\/div>\n      <\/div>\n    <\/section>\n    <section class=\"u-clearfix u-section-3\" id=\"sec-507a\">\n      <div class=\"u-clearfix u-sheet u-valign-middle-xs u-valign-top-lg u-sheet-1\">\n        <div class=\"u-container-align-left u-container-style u-expanded-width-md u-expanded-width-sm u-expanded-width-xs u-group u-shape-rectangle u-group-1\" data-animation-name=\"customAnimationIn\" data-animation-duration=\"1500\" data-animation-delay=\"500\">\n          <div class=\"u-container-layout u-valign-top-lg u-valign-top-md u-container-layout-1\">\n            <h1 class=\"u-align-left u-text u-text-1\"> Hurtowa sprzeda\u017c d\u017cem\u00f3w i sok\u00f3w<\/h1>\n            <p class=\"u-align-left u-text u-text-2\"> Nasze produkty powstaj\u0105 z pasji do natury i tradycyjnych receptur. Oferujemy r\u0119cznie robione d\u017cemy i naturalne soki owocowe, kt\u00f3re trafiaj\u0105 do klient\u00f3w w ca\u0142ej Polsce. Je\u015bli prowadzisz sklep, kawiarni\u0119, hotel lub inn\u0105 dzia\u0142alno\u015b\u0107 i jeste\u015b zainteresowany wsp\u00f3\u0142prac\u0105 hurtow\u0105 \u2013 zapraszamy do kontaktu z naszym zespo\u0142em przedstawicieli handlowych.<\/p>\n          <\/div>\n        <\/div>\n        <div class=\"u-container-align-left-xl u-container-style u-expanded-width-sm u-expanded-width-xs u-group u-shape-rectangle u-group-2\" data-animation-name=\"customAnimationIn\" data-animation-duration=\"1500\">\n          <div class=\"u-container-layout u-container-layout-2\">\n            <div class=\"u-custom-color-5 u-preserve-proportions u-shape u-shape-circle u-shape-1\" data-animation-name=\"customAnimationIn\" data-animation-duration=\"1500\" data-animation-delay=\"250\"><\/div>\n            <div class=\"u-image u-image-circle u-image-1\" alt=\"\" data-image-width=\"1024\" data-image-height=\"592\" data-animation-name=\"customAnimationIn\" data-animation-duration=\"1250\" data-animation-delay=\"500\" style=\"background-image: url(&quot;https:\/\/malinowewzgorze.growbis.pl\/wp-content\/uploads\/2025\/04\/HurtMalinowe.webp&quot;);\"><\/div>\n          <\/div>\n        <\/div>\n      <\/div>\n    <\/section>\n    <section class=\"u-align-center u-clearfix u-container-align-center u-section-4\" id=\"block-3\">\n      <div class=\"u-clearfix u-sheet u-valign-middle-lg u-valign-middle-md u-valign-middle-sm u-valign-middle-xs u-sheet-1\">\n        <h2 class=\"u-align-center u-text u-text-default u-text-1\"> Jak rozpocz\u0105\u0107 wsp\u00f3\u0142prac\u0119?<\/h2>\n        <p class=\"u-align-center u-text u-text-2\"> Aby u\u0142atwi\u0107 kontakt i szybk\u0105 obs\u0142ug\u0119, ka\u017cdy region Polski ma przypisanego opiekuna handlowego.<br> Na dole strony znajdziesz map\u0119 z podzia\u0142em na wojew\u00f3dztwa \u2013 ka\u017cde oznaczone innym kolorem, odpowiadaj\u0105cym konkretnemu przedstawicielowi. Wystarczy, \u017ce sprawdzisz swoje wojew\u00f3dztwo i skontaktujesz si\u0119 z w\u0142a\u015bciw\u0105 osob\u0105. \n        <\/p>\n        <h4 class=\"u-align-center u-text u-text-3\"> Nasi przedstawiciele pomog\u0105 Ci:<\/h4>\n        <ul class=\"u-align-center u-text u-text-4\">\n          <li> dobra\u0107 odpowiedni asortyment <\/li>\n          <li> przedstawi\u0105 ofert\u0119 hurtow\u0105,&nbsp;<\/li>\n          <li>doradz\u0105 w kwestiach logistycznych i ekspozycyjnych.<\/li>\n        <\/ul>\n        <p class=\"u-align-center u-text u-text-5\"> Jeste\u015bmy otwarci na wsp\u00f3\u0142prac\u0119 zar\u00f3wno z du\u017cymi, jak i mniejszymi partnerami. Wierzymy, \u017ce razem mo\u017cemy promowa\u0107 prawdziwe, naturalne smaki.<\/p>\n      <\/div>\n    <\/section>\n    <section class=\"u-clearfix u-section-5\" id=\"sec-dd5b\">\n      <div class=\"u-clearfix u-sheet u-valign-middle-lg u-valign-middle-md u-sheet-1\">\n        <h2 class=\"u-align-center u-text u-text-default u-text-1\">Sprzeda\u017c B2B<\/h2>\n        <div class=\"u-align-center u-container-align-center u-container-align-center-lg u-container-align-center-md u-container-align-center-xl u-container-style u-expanded-width u-grey-10 u-group u-group-1\">\n          <div class=\"u-container-layout u-container-layout-1\">\n            <div class=\"u-container-style u-expanded-width u-grey-10 u-group u-group-2\">\n              <div class=\"u-container-layout u-container-layout-2\">\n                <div class=\"u-container-style u-expanded-width u-grey-10 u-group u-group-3\">\n                  <div class=\"u-container-layout u-container-layout-3\">\n                    <div class=\"u-container-style u-expanded-width u-grey-10 u-group u-group-4\">\n                      <div class=\"u-container-layout u-container-layout-4\">\n                        <div class=\"u-container-style u-expanded-width u-group u-shape-rectangle u-white u-group-5\">\n                          <div class=\"u-container-layout u-container-layout-5\">\n                            <div class=\"u-expanded-width-md u-expanded-width-sm u-expanded-width-xs u-list u-list-1\">\n                              <div class=\"u-repeater u-repeater-1\">\n                                <div class=\"u-align-center u-container-align-center u-container-style u-list-item u-repeater-item\">\n                                  <div class=\"u-container-layout u-similar-container u-valign-top u-container-layout-6\">\n                                    <span class=\"u-file-icon u-icon u-text-custom-color-4 u-icon-1\"><img decoding=\"async\" src=\"https:\/\/malinowewzgorze.growbis.pl\/wp-content\/uploads\/2025\/04\/6019f411-1.png\" alt=\"\"><\/span>\n                                    <h5 class=\"u-text u-text-2\"> Grzegorz Surowiec<\/h5>\n                                    <p class=\"u-text u-text-3\">\n                                      <a href=\"tel:535 989 235\" class=\"u-active-none u-border-none u-btn u-button-link u-button-style u-hover-none u-none u-text-custom-color-2 u-btn-1\"> 535 989 235<\/a>\n                                    <\/p>\n                                  <\/div>\n                                <\/div>\n                                <div class=\"u-align-center u-container-align-center u-container-style u-list-item u-repeater-item\">\n                                  <div class=\"u-container-layout u-similar-container u-valign-top u-container-layout-7\">\n                                    <span class=\"u-file-icon u-icon u-text-custom-color-5 u-icon-2\"><img decoding=\"async\" src=\"https:\/\/malinowewzgorze.growbis.pl\/wp-content\/uploads\/2025\/04\/bcba419b-1.png\" alt=\"\"><\/span>\n                                    <h5 class=\"u-text u-text-4\"> Krzysztof Krawczyk<\/h5>\n                                    <p class=\"u-text u-text-5\">\n                                      <a href=\"tel:662 099 419\" class=\"u-active-none u-border-none u-btn u-button-link u-button-style u-hover-none u-none u-text-custom-color-2 u-btn-2\"> 662 099 419<\/a>\n                                    <\/p>\n                                  <\/div>\n                                <\/div>\n                                <div class=\"u-align-center u-container-align-center u-container-style u-list-item u-repeater-item\">\n                                  <div class=\"u-container-layout u-similar-container u-valign-top u-container-layout-8\">\n                                    <span class=\"u-file-icon u-icon u-text-custom-color-6 u-icon-3\"><img decoding=\"async\" src=\"https:\/\/malinowewzgorze.growbis.pl\/wp-content\/uploads\/2025\/04\/3586556b-1.png\" alt=\"\"><\/span>\n                                    <h5 class=\"u-text u-text-6\"> Mateusz Mionsek<\/h5>\n                                    <p class=\"u-text u-text-7\">\n                                      <a href=\"tel:576 027 871\" class=\"u-active-none u-border-none u-btn u-button-link u-button-style u-hover-none u-none u-text-custom-color-2 u-btn-3\"> 576 027 871<\/a>\n                                    <\/p>\n                                  <\/div>\n                                <\/div>\n                              <\/div>\n                            <\/div>\n                            <img decoding=\"async\" class=\"custom-expanded u-expanded-width-md u-expanded-width-sm u-image u-image-contain u-image-default u-image-1\" src=\"https:\/\/malinowewzgorze.growbis.pl\/wp-content\/uploads\/2025\/04\/Mapa-1-scaled.webp\" alt=\"\" data-image-width=\"2892\" data-image-height=\"2531\">\n                          <\/div>\n                        <\/div>\n                      <\/div>\n                    <\/div>\n                  <\/div>\n                <\/div>\n              <\/div>\n            <\/div>\n          <\/div>\n        <\/div>\n      <\/div>\n    <\/section>\n    \n    \n    \n  \n<\/div>","protected":false},"excerpt":{"rendered":"<p>Hurt Hurtowa sprzeda\u017c d\u017cem\u00f3w i sok\u00f3w Nasze produkty powstaj\u0105 z pasji do natury i tradycyjnych receptur. Oferujemy r\u0119cznie robione d\u017cemy i naturalne soki owocowe, kt\u00f3re trafiaj\u0105 do klient\u00f3w w ca\u0142ej Polsce. Je\u015bli prowadzisz sklep, kawiarni\u0119, hotel lub inn\u0105 dzia\u0142alno\u015b\u0107 i jeste\u015b zainteresowany wsp\u00f3\u0142prac\u0105 hurtow\u0105 \u2013 zapraszamy do kontaktu z naszym zespo\u0142em przedstawicieli handlowych. Jak rozpocz\u0105\u0107 &hellip; <a href=\"https:\/\/malinowewzgorze.growbis.pl\/index.php\/hurt\/\" class=\"more-link\">Continue reading<span class=\"screen-reader-text\"> &#8222;Hurt&#8221;<\/span><\/a><\/p>\n","protected":false},"author":1,"featured_media":0,"parent":0,"menu_order":5,"comment_status":"closed","ping_status":"closed","template":"","meta":{"footnotes":""},"class_list":["post-1559","page","type-page","status-publish","hentry"],"_links":{"self":[{"href":"https:\/\/malinowewzgorze.growbis.pl\/index.php\/wp-json\/wp\/v2\/pages\/1559","targetHints":{"allow":["GET"]}}],"collection":[{"href":"https:\/\/malinowewzgorze.growbis.pl\/index.php\/wp-json\/wp\/v2\/pages"}],"about":[{"href":"https:\/\/malinowewzgorze.growbis.pl\/index.php\/wp-json\/wp\/v2\/types\/page"}],"author":[{"embeddable":true,"href":"https:\/\/malinowewzgorze.growbis.pl\/index.php\/wp-json\/wp\/v2\/users\/1"}],"replies":[{"embeddable":true,"href":"https:\/\/malinowewzgorze.growbis.pl\/index.php\/wp-json\/wp\/v2\/comments?post=1559"}],"version-history":[{"count":2,"href":"https:\/\/malinowewzgorze.growbis.pl\/index.php\/wp-json\/wp\/v2\/pages\/1559\/revisions"}],"predecessor-version":[{"id":1593,"href":"https:\/\/malinowewzgorze.growbis.pl\/index.php\/wp-json\/wp\/v2\/pages\/1559\/revisions\/1593"}],"wp:attachment":[{"href":"https:\/\/malinowewzgorze.growbis.pl\/index.php\/wp-json\/wp\/v2\/media?parent=1559"}],"curies":[{"name":"wp","href":"https:\/\/api.w.org\/{rel}","templated":true}]}}