{"id":1560,"date":"2025-04-29T10:52:10","date_gmt":"2025-04-29T10:52:10","guid":{"rendered":"http:\/\/malinowewzgorze.growbis.pl\/index.php\/dzemy-bez-dodatku-cukru\/"},"modified":"2025-04-29T10:52:15","modified_gmt":"2025-04-29T10:52:15","slug":"dzemy-bez-dodatku-cukru","status":"publish","type":"page","link":"https:\/\/malinowewzgorze.growbis.pl\/index.php\/dzemy-bez-dodatku-cukru\/","title":{"rendered":"D\u017cemy bez dodatku cukru"},"content":{"rendered":"<div class=\"woocommerce\">\n  \n    <section class=\"u-clearfix u-container-align-center u-image u-shading u-section-1\" id=\"sec-cfe3\" data-image-width=\"1740\" data-image-height=\"573\" style=\"background-image: linear-gradient(0deg, rgba(0, 0, 0, 0.25), rgba(0, 0, 0, 0.25)), url(&quot;https:\/\/malinowewzgorze.growbis.pl\/wp-content\/uploads\/2025\/04\/Sokinagwek-2.webp&quot;);\">\n      <div class=\"u-clearfix u-sheet u-sheet-1\">\n        <div class=\"u-align-left u-border-5 u-border-white u-container-align-center u-container-align-left u-container-align-left-xl u-container-style u-group u-radius u-shading u-shape-round u-group-1\" data-animation-name=\"customAnimationIn\" data-animation-duration=\"1000\" data-animation-delay=\"0\">\n          <div class=\"u-container-layout u-valign-middle u-container-layout-1\">\n            <h1 class=\"u-align-center u-text u-text-default u-text-1\">D\u017cemy bez dodatku cukru<\/h1>\n          <\/div>\n        <\/div>\n      <\/div>\n    <\/section>\n    <section class=\"u-align-center u-clearfix u-container-align-center u-section-2\" id=\"sec-73d1\">\n      <div class=\"data-layout-selected u-clearfix u-gutter-34 u-layout-wrap u-layout-wrap-1\">\n        <div class=\"u-layout\" style=\"\">\n          <div class=\"u-layout-row\" style=\"\">\n            <div class=\"u-container-align-left u-container-style u-layout-cell u-radius u-right-cell u-shape-round u-size-30-lg u-size-30-xl u-size-60-md u-size-60-sm u-size-60-xs u-size-xs-60 u-white u-layout-cell-1\" data-animation-name=\"customAnimationIn\" data-animation-duration=\"1500\">\n              <div class=\"u-border-2 u-border-custom-color-2 u-border-no-bottom u-border-no-left u-container-layout u-valign-top u-container-layout-1\">\n                <h3 class=\"u-align-left u-text u-text-1\"> D\u017cemy bez dodatku cukru \u2013 naturalna s\u0142odycz prosto z owoc\u00f3w!<\/h3>\n                <p class=\"u-align-justify u-text u-text-2\"> Nasze <span style=\"font-weight: 700;\">d\u017cemy bez dodatku cukru<\/span> to prawdziwa esencja natury! W ka\u017cdym s\u0142oiczku kryje si\u0119 <span style=\"font-weight: 700;\">a\u017c 97% soczystych, dojrza\u0142ych owoc\u00f3w<\/span>, wzbogaconych wy\u0142\u0105cznie naturaln\u0105 pektyn\u0105 i sokiem z jarz\u0119biny. Nie znajdziesz tu <span style=\"font-weight: 700;\">ani grama cukru, s\u0142odzik\u00f3w czy sztucznych zamiennik\u00f3w<\/span> \u2013 tylko czysty, owocowy smak, kt\u00f3ry zachwyca swoj\u0105 intensywno\u015bci\u0105.\n                <\/p>\n              <\/div>\n            <\/div>\n            <div class=\"u-align-center u-container-align-center u-container-style u-image u-image-round u-layout-cell u-left-cell u-radius u-size-30-lg u-size-30-xl u-size-60-md u-size-60-sm u-size-60-xs u-size-xs-60 u-image-1\" src=\"\" data-animation-name=\"customAnimationIn\" data-animation-duration=\"1500\" data-animation-delay=\"500\" data-image-width=\"1024\" data-image-height=\"1024\" style=\"background-image: url(&quot;https:\/\/malinowewzgorze.growbis.pl\/wp-content\/uploads\/2025\/04\/Sokbezdodatkucukru-2.webp&quot;);\">\n              <div class=\"u-container-layout u-valign-top u-container-layout-2\" src=\"\"><\/div>\n            <\/div>\n          <\/div>\n        <\/div>\n      <\/div>\n    <\/section>\n    <section class=\"u-align-center u-clearfix u-container-align-center u-section-3\" id=\"sec-48e6\">\n      <div class=\"u-clearfix u-sheet u-sheet-1\">\n        <div class=\"data-layout-selected u-clearfix u-expanded-width u-gutter-42 u-layout-wrap u-layout-wrap-1\">\n          <div class=\"u-layout\">\n            <div class=\"u-layout-row\">\n              <div class=\"u-container-style u-layout-cell u-left-cell u-size-29 u-layout-cell-1\">\n                <div class=\"u-container-layout u-valign-middle-md u-valign-middle-sm u-valign-middle-xs\">\n                  <div class=\"u-clearfix u-expanded-width u-group-elements u-group-elements-1\">\n                    <div class=\"u-custom-color-2 u-shape u-shape-rectangle u-shape-1\" data-animation-name=\"customAnimationIn\" data-animation-duration=\"1000\" data-animation-delay=\"0\"><\/div>\n                    <div class=\"u-border-16 u-border-custom-color-2 u-shape u-shape-rectangle u-shape-2\" data-animation-name=\"customAnimationIn\" data-animation-duration=\"1000\" data-animation-delay=\"0\"><\/div>\n                    <img decoding=\"async\" class=\"u-image u-image-1\" src=\"https:\/\/malinowewzgorze.growbis.pl\/wp-content\/uploads\/2025\/04\/Demybezdodatkucukru-1.jpg\" data-image-width=\"1861\" data-image-height=\"2048\" data-animation-name=\"customAnimationIn\" data-animation-duration=\"1000\" data-animation-delay=\"0\">\n                  <\/div>\n                <\/div>\n              <\/div>\n              <div class=\"u-container-style u-layout-cell u-right-cell u-size-31 u-layout-cell-2\">\n                <div class=\"u-container-layout u-container-layout-2\">\n                  <h1 class=\"u-custom-font u-font-oswald u-text u-text-1\" data-animation-name=\"customAnimationIn\" data-animation-duration=\"1000\" data-animation-delay=\"0\" data-animation-out=\"0\"> Co wyr\u00f3\u017cnia nasze d\u017cemy?<\/h1>\n                  <ul class=\"u-align-justify u-custom-list u-large-text u-text u-text-variant u-text-2\" data-animation-name=\"customAnimationIn\" data-animation-duration=\"1000\" data-animation-delay=\"0\" data-animation-out=\"0\">\n                    <li>\n                      <div class=\"u-list-icon u-text-custom-color-2\">\n                        <div>\u2764<\/div>\n                      <\/div><span style=\"font-weight: 700;\">100% naturalny sk\u0142ad<\/span> \u2013 bez zb\u0119dnych dodatk\u00f3w, tylko owoce i natura!\n                    <\/li>\n                    <li>\n                      <div class=\"u-list-icon u-text-custom-color-2\">\n                        <div>\u2764<\/div>\n                      <\/div><span style=\"font-weight: 700;\">Bez dodatku cukru<\/span> \u2013 ciesz si\u0119 prawdziw\u0105 s\u0142odycz\u0105 owoc\u00f3w, bez kompromis\u00f3w.\n                    <\/li>\n                    <li>\n                      <div class=\"u-list-icon u-text-custom-color-2\">\n                        <div>\u2764<\/div>\n                      <\/div><span style=\"font-weight: 700;\">Bogactwo smaku<\/span> \u2013 starannie wyselekcjonowane owoce o najwy\u017cszej jako\u015bci.\n                    <\/li>\n                    <li>\n                      <div class=\"u-list-icon u-text-custom-color-2\">\n                        <div>\u2764<\/div>\n                      <\/div><span style=\"font-weight: 700;\">Idealne dla ka\u017cdego<\/span> \u2013 \u015bwietna opcja dla os\u00f3b dbaj\u0105cych o zdrow\u0105 diet\u0119.\n                    <\/li>\n                  <\/ul>\n                  <p class=\"u-align-justify u-text u-text-3\"> Dzi\u0119ki prostemu sk\u0142adowi i starannie dobranym sk\u0142adnikom nasze d\u017cemy to idealna propozycja dla os\u00f3b ceni\u0105cych zdrowy styl \u017cycia, dbaj\u0105cych o diet\u0119 oraz pragn\u0105cych cieszy\u0107 si\u0119 smakiem owoc\u00f3w w najczystszej postaci. Doskonale komponuj\u0105 si\u0119 z pieczywem, jogurtem, nale\u015bnikami czy jako dodatek do deser\u00f3w.<\/p>\n                <\/div>\n              <\/div>\n            <\/div>\n          <\/div>\n        <\/div>\n      <\/div>\n    <\/section>\n    <section class=\"u-align-center u-clearfix u-container-align-center u-section-4\" id=\"block-2\">\n      <div class=\"u-clearfix u-sheet u-sheet-1\">\n        <div class=\"u-expanded-width u-list u-list-1\">\n          <div class=\"u-repeater u-repeater-1\">\n            <div class=\"u-align-center u-border-2 u-border-custom-color-2 u-border-no-left u-border-no-right u-border-no-top u-container-align-center u-container-style u-list-item u-radius u-repeater-item u-shape-round u-list-item-1\">\n              <div class=\"u-container-layout u-similar-container u-valign-bottom-lg u-valign-bottom-md u-valign-bottom-sm u-valign-bottom-xs u-valign-top-xl u-container-layout-1\">\n                <img decoding=\"async\" alt=\"\" class=\"u-expanded-width u-image u-image-default u-image-1\" data-image-width=\"450\" data-image-height=\"600\" src=\"https:\/\/malinowewzgorze.growbis.pl\/wp-content\/uploads\/2025\/04\/Demwiniowy-2.webp\">\n                <h5 class=\"u-text u-text-1\">D\u017cem wisniowy<\/h5>\n                <a href=\"\" class=\"u-align-center u-border-2 u-border-custom-color-2 u-border-hover-custom-color-2 u-btn u-button-style u-hover-custom-color-2 u-radius u-btn-1\">Sklep on-online <\/a>\n              <\/div>\n            <\/div>\n            <div class=\"u-align-center u-border-2 u-border-custom-color-2 u-border-no-left u-border-no-right u-border-no-top u-container-align-center u-container-style u-list-item u-radius u-repeater-item u-shape-round u-list-item-2\">\n              <div class=\"u-container-layout u-similar-container u-valign-bottom-lg u-valign-bottom-md u-valign-bottom-sm u-valign-bottom-xs u-valign-top-xl u-container-layout-2\">\n                <img decoding=\"async\" alt=\"\" class=\"u-expanded-width u-image u-image-default u-image-2\" data-image-width=\"450\" data-image-height=\"600\" src=\"https:\/\/malinowewzgorze.growbis.pl\/wp-content\/uploads\/2025\/04\/Demliwkowy-2.webp\">\n                <h5 class=\"u-text u-text-2\">D\u017cem \u015bliwkowy<\/h5>\n                <a href=\"\" class=\"u-align-center u-border-2 u-border-custom-color-2 u-border-hover-custom-color-2 u-btn u-button-style u-hover-custom-color-2 u-radius u-btn-2\"> Sklep on-online <\/a>\n              <\/div>\n            <\/div>\n            <div class=\"u-align-center u-border-2 u-border-custom-color-2 u-border-no-left u-border-no-right u-border-no-top u-container-align-center u-container-style u-list-item u-radius u-repeater-item u-shape-round u-list-item-3\">\n              <div class=\"u-container-layout u-similar-container u-valign-bottom-lg u-valign-bottom-md u-valign-bottom-sm u-valign-bottom-xs u-valign-top-xl u-container-layout-3\">\n                <img decoding=\"async\" alt=\"\" class=\"u-expanded-width u-image u-image-default u-image-3\" data-image-width=\"450\" data-image-height=\"600\" src=\"https:\/\/malinowewzgorze.growbis.pl\/wp-content\/uploads\/2025\/04\/Demtruskawkowy-2.webp\">\n                <h5 class=\"u-text u-text-3\">D\u017cem truskawkowy<\/h5>\n                <a href=\"\" class=\"u-align-center u-border-2 u-border-custom-color-2 u-border-hover-custom-color-2 u-btn u-button-style u-hover-custom-color-2 u-radius u-btn-3\"> Sklep on-online <\/a>\n              <\/div>\n            <\/div>\n            <div class=\"u-align-center u-border-2 u-border-custom-color-2 u-border-no-left u-border-no-right u-border-no-top u-container-align-center u-container-style u-list-item u-radius u-repeater-item u-shape-round u-list-item-4\">\n              <div class=\"u-container-layout u-similar-container u-valign-bottom-lg u-valign-bottom-md u-valign-bottom-sm u-valign-bottom-xs u-valign-top-xl u-container-layout-4\">\n                <img decoding=\"async\" alt=\"\" class=\"u-expanded-width u-image u-image-default u-image-4\" data-image-width=\"450\" data-image-height=\"600\" src=\"https:\/\/malinowewzgorze.growbis.pl\/wp-content\/uploads\/2025\/04\/Demyjagodzkamcyackiej-2.webp\">\n                <h5 class=\"u-text u-text-4\">D\u017cem z jagody kamczackiej<\/h5>\n                <a href=\"\" class=\"u-align-center u-border-2 u-border-custom-color-2 u-border-hover-custom-color-2 u-btn u-button-style u-hover-custom-color-2 u-radius u-btn-4\"> Sklep on-online <\/a>\n              <\/div>\n            <\/div>\n            <div class=\"u-align-center u-border-2 u-border-custom-color-2 u-border-no-left u-border-no-right u-border-no-top u-container-align-center u-container-style u-list-item u-radius u-repeater-item u-shape-round u-list-item-5\">\n              <div class=\"u-container-layout u-similar-container u-valign-bottom-lg u-valign-bottom-md u-valign-bottom-sm u-valign-bottom-xs u-valign-top-xl u-container-layout-5\">\n                <img decoding=\"async\" alt=\"\" class=\"u-expanded-width u-image u-image-default u-image-5\" data-image-width=\"450\" data-image-height=\"600\" src=\"https:\/\/malinowewzgorze.growbis.pl\/wp-content\/uploads\/2025\/04\/Demmalinowy-2.webp\">\n                <h5 class=\"u-text u-text-5\">D\u017cem malinowy<\/h5>\n                <a href=\"\" class=\"u-align-center u-border-2 u-border-custom-color-2 u-border-hover-custom-color-2 u-btn u-button-style u-hover-custom-color-2 u-radius u-btn-5\"> Sklep on-online <\/a>\n              <\/div>\n            <\/div>\n            <div class=\"u-align-center u-border-2 u-border-custom-color-2 u-border-no-left u-border-no-right u-border-no-top u-container-align-center u-container-style u-list-item u-radius u-repeater-item u-shape-round u-list-item-6\">\n              <div class=\"u-container-layout u-similar-container u-valign-bottom-lg u-valign-bottom-md u-valign-bottom-sm u-valign-bottom-xs u-valign-top-xl u-container-layout-6\">\n                <img decoding=\"async\" alt=\"\" class=\"u-expanded-width u-image u-image-default u-image-6\" data-image-width=\"450\" data-image-height=\"600\" src=\"https:\/\/malinowewzgorze.growbis.pl\/wp-content\/uploads\/2025\/04\/Demzrokitnika-2.webp\">\n                <h5 class=\"u-text u-text-6\">D\u017cem z rokitnika<\/h5>\n                <a href=\"\" class=\"u-align-center u-border-2 u-border-custom-color-2 u-border-hover-custom-color-2 u-btn u-button-style u-hover-custom-color-2 u-radius u-btn-6\"> Sklep on-online <\/a>\n              <\/div>\n            <\/div>\n            <div class=\"u-align-center u-border-2 u-border-custom-color-2 u-border-no-left u-border-no-right u-border-no-top u-container-align-center u-container-style u-list-item u-radius u-repeater-item u-shape-round u-list-item-7\">\n              <div class=\"u-container-layout u-similar-container u-valign-bottom-lg u-valign-bottom-md u-valign-bottom-sm u-valign-bottom-xs u-valign-top-xl u-container-layout-7\">\n                <img decoding=\"async\" alt=\"\" class=\"u-expanded-width u-image u-image-default u-image-7\" data-image-width=\"450\" data-image-height=\"600\" src=\"https:\/\/malinowewzgorze.growbis.pl\/wp-content\/uploads\/2025\/04\/urawina-2.webp\">\n                <h5 class=\"u-text u-text-7\">\u017burawina<\/h5>\n                <a href=\"\" class=\"u-align-center u-border-2 u-border-custom-color-2 u-border-hover-custom-color-2 u-btn u-button-style u-hover-custom-color-2 u-radius u-btn-7\"> Sklep on-online <\/a>\n              <\/div>\n            <\/div>\n            <div class=\"u-align-center u-border-2 u-border-custom-color-2 u-border-no-left u-border-no-right u-border-no-top u-container-align-center u-container-style u-list-item u-radius u-repeater-item u-shape-round u-list-item-8\">\n              <div class=\"u-container-layout u-similar-container u-valign-bottom-lg u-valign-bottom-md u-valign-bottom-sm u-valign-bottom-xs u-valign-top-xl u-container-layout-8\">\n                <img decoding=\"async\" alt=\"\" class=\"u-expanded-width u-image u-image-default u-image-8\" data-image-width=\"450\" data-image-height=\"600\" src=\"https:\/\/malinowewzgorze.growbis.pl\/wp-content\/uploads\/2025\/04\/Konfiturazurawiny-2.webp\">\n                <h5 class=\"u-text u-text-8\">Konfitura z \u017curawiny<br>\n                <\/h5>\n                <a href=\"\" class=\"u-align-center u-border-2 u-border-custom-color-2 u-border-hover-custom-color-2 u-btn u-button-style u-hover-custom-color-2 u-radius u-btn-8\"> Sklep on-online <\/a>\n              <\/div>\n            <\/div>\n            <div class=\"u-align-center u-border-2 u-border-custom-color-2 u-border-no-left u-border-no-right u-border-no-top u-container-align-center u-container-style u-list-item u-radius u-repeater-item u-shape-round u-list-item-9\">\n              <div class=\"u-container-layout u-similar-container u-valign-bottom-lg u-valign-bottom-md u-valign-bottom-sm u-valign-bottom-xs u-valign-top-xl u-container-layout-9\">\n                <img decoding=\"async\" alt=\"\" class=\"u-expanded-width u-image u-image-default u-image-9\" data-image-width=\"450\" data-image-height=\"600\" src=\"https:\/\/malinowewzgorze.growbis.pl\/wp-content\/uploads\/2025\/04\/Demzjagodylenej-2.webp\">\n                <h5 class=\"u-text u-text-9\">D\u017cem z jagody le\u015bnej<\/h5>\n                <a href=\"\" class=\"u-align-center u-border-2 u-border-custom-color-2 u-border-hover-custom-color-2 u-btn u-button-style u-hover-custom-color-2 u-radius u-btn-9\"> Sklep on-online <\/a>\n              <\/div>\n            <\/div>\n            <div class=\"u-align-center u-border-2 u-border-custom-color-2 u-border-no-left u-border-no-right u-border-no-top u-container-align-center u-container-style u-list-item u-radius u-repeater-item u-shape-round u-list-item-10\">\n              <div class=\"u-container-layout u-similar-container u-valign-bottom-lg u-valign-bottom-md u-valign-bottom-sm u-valign-bottom-xs u-valign-top-xl u-container-layout-10\">\n                <img decoding=\"async\" alt=\"\" class=\"u-expanded-width u-image u-image-default u-image-10\" data-image-width=\"450\" data-image-height=\"600\" src=\"https:\/\/malinowewzgorze.growbis.pl\/wp-content\/uploads\/2025\/04\/Gadkamalinabezpestek-2.webp\">\n                <h5 class=\"u-text u-text-10\">G\u0142adka malina<\/h5>\n                <a href=\"\" class=\"u-align-center u-border-2 u-border-custom-color-2 u-border-hover-custom-color-2 u-btn u-button-style u-hover-custom-color-2 u-radius u-btn-10\"> Sklep on-online <\/a>\n              <\/div>\n            <\/div>\n            <div class=\"u-align-center u-border-2 u-border-custom-color-2 u-border-no-left u-border-no-right u-border-no-top u-container-align-center u-container-style u-list-item u-radius u-repeater-item u-shape-round u-list-item-11\">\n              <div class=\"u-container-layout u-similar-container u-valign-bottom-lg u-valign-bottom-md u-valign-bottom-sm u-valign-bottom-xs u-valign-top-xl u-container-layout-11\">\n                <img decoding=\"async\" alt=\"\" class=\"u-expanded-width u-image u-image-default u-image-11\" data-image-width=\"450\" data-image-height=\"600\" src=\"https:\/\/malinowewzgorze.growbis.pl\/wp-content\/uploads\/2025\/04\/Demzowocwlesnych-2.webp\">\n                <h5 class=\"u-text u-text-11\">D\u017cem z owoc\u00f3w lesnych<\/h5>\n                <a href=\"\" class=\"u-align-center u-border-2 u-border-custom-color-2 u-border-hover-custom-color-2 u-btn u-button-style u-hover-custom-color-2 u-radius u-btn-11\"> Sklep on-online <\/a>\n              <\/div>\n            <\/div>\n            <div class=\"u-align-center u-border-2 u-border-custom-color-2 u-border-no-left u-border-no-right u-border-no-top u-container-align-center u-container-style u-list-item u-radius u-repeater-item u-shape-round u-list-item-12\">\n              <div class=\"u-container-layout u-similar-container u-valign-bottom-lg u-valign-bottom-md u-valign-bottom-sm u-valign-bottom-xs u-valign-top-xl u-container-layout-12\">\n                <img decoding=\"async\" alt=\"\" class=\"u-expanded-width u-image u-image-default u-image-12\" data-image-width=\"450\" data-image-height=\"600\" src=\"https:\/\/malinowewzgorze.growbis.pl\/wp-content\/uploads\/2025\/04\/Demzmalinitruskawki-2.webp\">\n                <h5 class=\"u-text u-text-12\">D\u017cem z malin i truskawki<\/h5>\n                <a href=\"\" class=\"u-align-center u-border-2 u-border-custom-color-2 u-border-hover-custom-color-2 u-btn u-button-style u-hover-custom-color-2 u-radius u-btn-12\"> Sklep on-online <\/a>\n              <\/div>\n            <\/div>\n            <div class=\"u-align-center u-border-2 u-border-custom-color-2 u-border-no-left u-border-no-right u-border-no-top u-container-align-center u-container-style u-list-item u-radius u-repeater-item u-shape-round u-list-item-13\">\n              <div class=\"u-container-layout u-similar-container u-valign-bottom-lg u-valign-bottom-md u-valign-bottom-sm u-valign-bottom-xs u-valign-top-xl u-container-layout-13\">\n                <img decoding=\"async\" alt=\"\" class=\"u-expanded-width u-image u-image-default u-image-13\" data-image-width=\"450\" data-image-height=\"600\" src=\"https:\/\/malinowewzgorze.growbis.pl\/wp-content\/uploads\/2025\/04\/Demzmaliniborwki-2.webp\">\n                <h5 class=\"u-text u-text-13\">D\u017cem z malin i bor\u00f3wki<\/h5>\n                <a href=\"\" class=\"u-align-center u-border-2 u-border-custom-color-2 u-border-hover-custom-color-2 u-btn u-button-style u-hover-custom-color-2 u-radius u-btn-13\"> Sklep on-online <\/a>\n              <\/div>\n            <\/div>\n            <div class=\"u-align-center u-border-2 u-border-custom-color-2 u-border-no-left u-border-no-right u-border-no-top u-container-align-center u-container-style u-list-item u-radius u-repeater-item u-shape-round u-list-item-14\">\n              <div class=\"u-container-layout u-similar-container u-valign-bottom-lg u-valign-bottom-md u-valign-bottom-sm u-valign-bottom-xs u-valign-top-xl u-container-layout-14\">\n                <img decoding=\"async\" alt=\"\" class=\"u-expanded-width u-image u-image-default u-image-14\" data-image-width=\"450\" data-image-height=\"600\" src=\"https:\/\/malinowewzgorze.growbis.pl\/wp-content\/uploads\/2025\/04\/Demzczarnejpoeczki-2.webp\">\n                <h5 class=\"u-text u-text-14\">D\u017cem z czerwonej porzeczki<\/h5>\n                <a href=\"\" class=\"u-align-center u-border-2 u-border-custom-color-2 u-border-hover-custom-color-2 u-btn u-button-style u-hover-custom-color-2 u-radius u-btn-14\"> Sklep on-online <\/a>\n              <\/div>\n            <\/div>\n            <div class=\"u-align-center u-border-2 u-border-custom-color-2 u-border-no-left u-border-no-right u-border-no-top u-container-align-center u-container-style u-list-item u-radius u-repeater-item u-shape-round u-list-item-15\">\n              <div class=\"u-container-layout u-similar-container u-valign-bottom-lg u-valign-bottom-md u-valign-bottom-sm u-valign-bottom-xs u-valign-top-xl u-container-layout-15\">\n                <img decoding=\"async\" alt=\"\" class=\"u-expanded-width u-image u-image-default u-image-15\" data-image-width=\"450\" data-image-height=\"600\" src=\"https:\/\/malinowewzgorze.growbis.pl\/wp-content\/uploads\/2025\/04\/Demzmaliniczarnegobzu-2.webp\">\n                <h5 class=\"u-text u-text-15\">D\u017cem z malin i czarnego bzu<\/h5>\n                <a href=\"\" class=\"u-align-center u-border-2 u-border-custom-color-2 u-border-hover-custom-color-2 u-btn u-button-style u-hover-custom-color-2 u-radius u-btn-15\"> Sklep on-online <\/a>\n              <\/div>\n            <\/div>\n            <div class=\"u-align-center u-border-2 u-border-custom-color-2 u-border-no-left u-border-no-right u-border-no-top u-container-align-center u-container-style u-list-item u-radius u-repeater-item u-shape-round u-list-item-16\">\n              <div class=\"u-container-layout u-similar-container u-valign-bottom-lg u-valign-bottom-md u-valign-bottom-sm u-valign-bottom-xs u-valign-top-xl u-container-layout-16\">\n                <img decoding=\"async\" alt=\"\" class=\"u-expanded-width u-image u-image-default u-image-16\" data-image-width=\"450\" data-image-height=\"600\" src=\"https:\/\/malinowewzgorze.growbis.pl\/wp-content\/uploads\/2025\/04\/Demzborwkiamerykaskiej-2.webp\">\n                <h5 class=\"u-text u-text-16\">D\u017cem z bor\u00f3wki ameryka\u0144skiej<\/h5>\n                <a href=\"\" class=\"u-align-center u-border-2 u-border-custom-color-2 u-border-hover-custom-color-2 u-btn u-button-style u-hover-custom-color-2 u-radius u-btn-16\"> Sklep on-online <\/a>\n              <\/div>\n            <\/div>\n          <\/div>\n        <\/div>\n      <\/div>\n    <\/section>\n    \n    \n    \n    \n  \n<\/div>","protected":false},"excerpt":{"rendered":"<p>D\u017cemy bez dodatku cukru D\u017cemy bez dodatku cukru \u2013 naturalna s\u0142odycz prosto z owoc\u00f3w! Nasze d\u017cemy bez dodatku cukru to prawdziwa esencja natury! W ka\u017cdym s\u0142oiczku kryje si\u0119 a\u017c 97% soczystych, dojrza\u0142ych owoc\u00f3w, wzbogaconych wy\u0142\u0105cznie naturaln\u0105 pektyn\u0105 i sokiem z jarz\u0119biny. Nie znajdziesz tu ani grama cukru, s\u0142odzik\u00f3w czy sztucznych zamiennik\u00f3w \u2013 tylko czysty, owocowy &hellip; <a href=\"https:\/\/malinowewzgorze.growbis.pl\/index.php\/dzemy-bez-dodatku-cukru\/\" class=\"more-link\">Continue reading<span class=\"screen-reader-text\"> &#8222;D\u017cemy bez dodatku cukru&#8221;<\/span><\/a><\/p>\n","protected":false},"author":1,"featured_media":0,"parent":0,"menu_order":6,"comment_status":"closed","ping_status":"closed","template":"","meta":{"footnotes":""},"class_list":["post-1560","page","type-page","status-publish","hentry"],"_links":{"self":[{"href":"https:\/\/malinowewzgorze.growbis.pl\/index.php\/wp-json\/wp\/v2\/pages\/1560","targetHints":{"allow":["GET"]}}],"collection":[{"href":"https:\/\/malinowewzgorze.growbis.pl\/index.php\/wp-json\/wp\/v2\/pages"}],"about":[{"href":"https:\/\/malinowewzgorze.growbis.pl\/index.php\/wp-json\/wp\/v2\/types\/page"}],"author":[{"embeddable":true,"href":"https:\/\/malinowewzgorze.growbis.pl\/index.php\/wp-json\/wp\/v2\/users\/1"}],"replies":[{"embeddable":true,"href":"https:\/\/malinowewzgorze.growbis.pl\/index.php\/wp-json\/wp\/v2\/comments?post=1560"}],"version-history":[{"count":1,"href":"https:\/\/malinowewzgorze.growbis.pl\/index.php\/wp-json\/wp\/v2\/pages\/1560\/revisions"}],"predecessor-version":[{"id":1569,"href":"https:\/\/malinowewzgorze.growbis.pl\/index.php\/wp-json\/wp\/v2\/pages\/1560\/revisions\/1569"}],"wp:attachment":[{"href":"https:\/\/malinowewzgorze.growbis.pl\/index.php\/wp-json\/wp\/v2\/media?parent=1560"}],"curies":[{"name":"wp","href":"https:\/\/api.w.org\/{rel}","templated":true}]}}