{"id":1561,"date":"2025-04-29T10:52:11","date_gmt":"2025-04-29T10:52:11","guid":{"rendered":"http:\/\/malinowewzgorze.growbis.pl\/index.php\/franczyza\/"},"modified":"2025-04-29T10:52:15","modified_gmt":"2025-04-29T10:52:15","slug":"franczyza","status":"publish","type":"page","link":"https:\/\/malinowewzgorze.growbis.pl\/index.php\/franczyza\/","title":{"rendered":"Franczyza"},"content":{"rendered":"<div class=\"woocommerce\">\n  \n    <section class=\"u-clearfix u-image u-lightbox u-shading u-section-1\" id=\"sec-3346\" data-image-width=\"1800\" data-image-height=\"717\" style=\"background-image: linear-gradient(rgba(0, 0, 0, 0.25), rgba(0, 0, 0, 0.25)), url(&quot;https:\/\/malinowewzgorze.growbis.pl\/wp-content\/uploads\/2025\/04\/Malinowe-1.webp&quot;);\">\n      <div class=\"u-clearfix u-sheet u-sheet-1\">\n        <div class=\"u-align-left u-border-5 u-border-white u-container-align-left u-container-style u-group u-radius u-shading u-shape-round u-group-1\" data-animation-name=\"customAnimationIn\" data-animation-duration=\"1000\" data-animation-delay=\"0\">\n          <div class=\"u-container-layout u-valign-middle-lg u-valign-middle-md u-valign-middle-sm u-valign-middle-xl u-container-layout-1\">\n            <h1 class=\"u-align-center u-text u-text-default-lg u-text-default-md u-text-default-sm u-text-default-xl u-text-1\">Franczyza<\/h1>\n          <\/div>\n        <\/div>\n      <\/div>\n    <\/section>\n    <section class=\"u-clearfix u-section-2\" id=\"block-2\">\n      <div class=\"u-clearfix u-sheet u-sheet-1\">\n        <div class=\"data-layout-selected u-clearfix u-expanded-width u-gutter-30 u-layout-wrap u-layout-wrap-1\">\n          <div class=\"u-layout\">\n            <div class=\"u-layout-row\">\n              <div class=\"u-align-left u-container-style u-image u-layout-cell u-left-cell u-size-30 u-image-1\" src=\"\" data-image-width=\"720\" data-image-height=\"960\" style=\"background-image: url(&quot;https:\/\/malinowewzgorze.growbis.pl\/wp-content\/uploads\/2025\/04\/demy-1.webp&quot;);\">\n                <div class=\"u-container-layout u-container-layout-1\" src=\"\"><\/div>\n              <\/div>\n              <div class=\"u-align-left u-container-align-left u-container-style u-image u-layout-cell u-right-cell u-size-30 u-image-2\" src=\"\" data-image-width=\"600\" data-image-height=\"660\" style=\"background-image: url(&quot;https:\/\/malinowewzgorze.growbis.pl\/wp-content\/uploads\/2025\/04\/Demybezdodatkucukru-1.webp&quot;);\">\n                <div class=\"u-container-layout u-container-layout-2\" src=\"\"><\/div>\n              <\/div>\n            <\/div>\n          <\/div>\n        <\/div>\n        <div class=\"u-align-center u-border-2 u-border-custom-color-2 u-border-no-bottom u-border-no-left u-container-align-center u-container-style u-group u-radius u-shape-round u-white u-group-1\">\n          <div class=\"u-container-layout u-valign-middle u-container-layout-3\">\n            <h2 class=\"u-align-center u-text u-text-1\"> Wyj\u0105tkowa Oferta Hurtowa \u2013 Twoja Marka, Nasza Jako\u015b\u0107!<\/h2>\n            <p class=\"u-align-center u-text u-text-2\"> Rozwijaj sw\u00f3j biznes z nami! Oferujemy wyj\u0105tkow\u0105 mo\u017cliwo\u015b\u0107 sprzeda\u017cy naszych produkt\u00f3w pod Twoj\u0105 w\u0142asn\u0105 mark\u0105. Jako do\u015bwiadczona manufaktura dostarczamy najwy\u017cszej jako\u015bci wyroby, kt\u00f3re mo\u017cesz oznaczy\u0107 swoim logo i etykiet\u0105. Sprawd\u017a, co zyskujesz, podejmuj\u0105c z nami wsp\u00f3\u0142prac\u0119:<\/p>\n          <\/div>\n        <\/div>\n      <\/div>\n    <\/section>\n    <section class=\"u-clearfix u-container-align-center u-shading u-section-3\" id=\"block-3\">\n      <div class=\"u-clearfix u-sheet u-valign-middle-lg u-valign-middle-md u-valign-middle-sm u-valign-middle-xs u-sheet-1\">\n        <h3 class=\"u-align-center u-text u-text-1\"> 1. Produkty prosto z manufaktury<\/h3>\n        <p class=\"u-align-center u-text u-text-2\"> Nasze wyroby powstaj\u0105 z naturalnych sk\u0142adnik\u00f3w, z zachowaniem najwy\u017cszych standard\u00f3w jako\u015bci. Produkujemy bez dodatku cukru \u2013 jedynym s\u0142odzikiem jest naturalny mi\u00f3d pszczeli z naszych w\u0142asnych pasiek. Gwarantujemy \u015bwie\u017co\u015b\u0107, autentyczno\u015b\u0107 i smak, kt\u00f3rym zaufaj\u0105 Twoi klienci.<\/p>\n        <h3 class=\"u-align-center u-text u-text-3\"> 2. Twoja marka \u2013 Twoja etykieta<\/h3>\n        <p class=\"u-align-center u-text u-text-4\"> Zaprojektuj w\u0142asn\u0105 etykiet\u0119 i umie\u015b\u0107 j\u0105 na naszych produktach! Dzi\u0119ki w\u0142asnej drukarce oraz wsp\u00f3\u0142pracy z profesjonalnymi drukarniami, oferujemy szerokie mo\u017cliwo\u015bci personalizacji \u2013 od klasycznych po unikalne formaty i materia\u0142y.<\/p>\n        <h3 class=\"u-align-center u-text u-text-5\"> 3. Elastyczno\u015b\u0107 i indywidualne podej\u015bcie<\/h3>\n        <p class=\"u-align-center u-text u-text-6\"> Potrzebujesz niestandardowych opakowa\u0144, smak\u00f3w lub rozmiar\u00f3w? Jeste\u015bmy otwarci na Twoje potrzeby i pomys\u0142y. Dostosowujemy ofert\u0119 do specyfiki Twojego biznesu, tworz\u0105c produkt idealnie dopasowany do Twojej wizji.<\/p>\n        <h3 class=\"u-align-center u-text u-text-7\"> 4. Wsparcie na ka\u017cdym etapie<\/h3>\n        <p class=\"u-align-center u-text u-text-8\"> Nasza wsp\u00f3\u0142praca to nie tylko produkty \u2013 to tak\u017ce kompleksowe wsparcie. S\u0142u\u017cymy pomoc\u0105 od pierwszego kontaktu a\u017c po finalizacj\u0119 zam\u00f3wienia, dbaj\u0105c o to, by Tw\u00f3j projekt z w\u0142asn\u0105 mark\u0105 zako\u0144czy\u0142 si\u0119 sukcesem.<\/p>\n        <h3 class=\"u-align-center u-text u-text-9\"> 5. Dla hoteli, pensjonat\u00f3w, firm szkoleniowych i nie tylko<\/h3>\n        <p class=\"u-align-center u-text u-text-10\"> Potrzebujesz niestandardowych opakowa\u0144, smak\u00f3w lub rozmiar\u00f3w? Jeste\u015bmy otwarci na Twoje potrzeby i pomys\u0142y. Dostosowujemy ofert\u0119 do specyfiki Twojego biznesu, tworz\u0105c produkt idealnie dopasowany do Twojej wizji.<\/p>\n      <\/div>\n    <\/section>\n    <section class=\"u-align-center u-clearfix u-container-align-center u-section-4\" id=\"block-4\">\n      <div class=\"u-align-left u-clearfix u-sheet u-valign-middle u-sheet-1\">\n        <div class=\"u-expanded-width u-list u-list-1\">\n          <div class=\"u-repeater u-repeater-1\">\n            <div class=\"u-container-align-center u-container-style u-list-item u-repeater-item\">\n              <div class=\"u-container-layout u-similar-container u-valign-bottom-xl u-valign-top-lg u-valign-top-md u-valign-top-sm u-valign-top-xs u-container-layout-1\"><span class=\"u-align-center u-file-icon u-icon u-text-palette-2-base u-icon-1\"><img decoding=\"async\" src=\"https:\/\/malinowewzgorze.growbis.pl\/wp-content\/uploads\/2025\/04\/0ff289e3-1.png\" alt=\"\"><\/span>\n                <h3 class=\"u-align-center u-text u-text-default u-text-1\"> Produkty z Twoim logo<\/h3>\n                <p class=\"u-align-center u-text u-text-2\"> Wyr\u00f3\u017cnij si\u0119 na rynku dzi\u0119ki personalizowanym wyrobom z logo Twojej firmy. Zapewniamy estetyczn\u0105 i trwa\u0142\u0105 personalizacj\u0119, kt\u00f3ra podkre\u015bli profesjonalizm Twojej marki.<\/p>\n              <\/div>\n            <\/div>\n            <div class=\"u-container-align-center u-container-style u-list-item u-repeater-item\">\n              <div class=\"u-container-layout u-similar-container u-valign-bottom-xl u-valign-top-lg u-valign-top-md u-valign-top-sm u-valign-top-xs u-container-layout-2\"><span class=\"u-align-center u-file-icon u-icon u-text-palette-2-base u-icon-2\"><img decoding=\"async\" src=\"https:\/\/malinowewzgorze.growbis.pl\/wp-content\/uploads\/2025\/04\/938d6861-1.png\" alt=\"\"><\/span>\n                <h3 class=\"u-align-center u-text u-text-default u-text-3\"> Idealne na prezent<\/h3>\n                <p class=\"u-align-center u-text u-text-4\"> Personalizowane produkty to doskona\u0142y spos\u00f3b na powitanie go\u015bci, obdarowanie klient\u00f3w lub wr\u0119czenie upomink\u00f3w podczas wydarze\u0144 firmowych.<\/p>\n              <\/div>\n            <\/div>\n            <div class=\"u-container-align-center u-container-style u-list-item u-repeater-item\">\n              <div class=\"u-container-layout u-similar-container u-valign-bottom-xl u-valign-top-lg u-valign-top-md u-valign-top-sm u-valign-top-xs u-container-layout-3\"><span class=\"u-align-center u-file-icon u-icon u-text-palette-2-base u-icon-3\"><img decoding=\"async\" src=\"https:\/\/malinowewzgorze.growbis.pl\/wp-content\/uploads\/2025\/04\/06e5d468-1.png\" alt=\"\"><\/span>\n                <h3 class=\"u-align-center u-text u-text-default u-text-5\"> \u015awi\u0105teczne zestawy z charakterem<\/h3>\n                <p class=\"u-align-center u-text u-text-6\"> Zaskocz swoich klient\u00f3w i partner\u00f3w wyj\u0105tkowymi prezentami \u015bwi\u0105tecznymi z personalizacj\u0105. To idealna forma wyra\u017cenia wdzi\u0119czno\u015bci i budowania pozytywnych relacji.<\/p>\n              <\/div>\n            <\/div>\n          <\/div>\n        <\/div>\n      <\/div>\n    <\/section>\n    <section class=\"u-clearfix u-container-align-center u-custom-color-2 u-section-5\" id=\"block-5\">\n      <div class=\"u-clearfix u-sheet u-valign-middle u-sheet-1\">\n        <div class=\"data-layout-selected u-clearfix u-expanded-width u-layout-wrap u-layout-wrap-1\">\n          <div class=\"u-layout\">\n            <div class=\"u-layout-row\">\n              <div class=\"u-align-center u-container-align-center u-container-align-left u-container-style u-layout-cell u-left-cell u-size-20-lg u-size-20-xl u-size-29-md u-size-29-sm u-size-29-xs u-layout-cell-1\">\n                <div class=\"u-container-layout u-valign-top u-container-layout-1\">\n                  <h1 class=\"u-align-left u-custom-font u-font-roboto u-text u-title u-text-1\"> Zacznij ju\u017c dzi\u015b!<\/h1>\n                <\/div>\n              <\/div>\n              <div class=\"u-container-align-left u-container-style u-layout-cell u-right-cell u-size-31-md u-size-31-sm u-size-31-xs u-size-40-lg u-size-40-xl u-layout-cell-2\">\n                <div class=\"u-container-layout u-valign-middle u-container-layout-2\">\n                  <h5 class=\"u-align-left u-text u-text-2\"> Stw\u00f3rz w\u0142asn\u0105 mark\u0119 z produktami, kt\u00f3re pokochaj\u0105 Twoi klienci. Skontaktuj si\u0119 z nami i poznaj szczeg\u00f3\u0142y naszej oferty hurtowej z mo\u017cliwo\u015bci\u0105 brandingu. Razem osi\u0105gniemy wi\u0119cej!<\/h5>\n                <\/div>\n              <\/div>\n            <\/div>\n          <\/div>\n        <\/div>\n      <\/div>\n    <\/section>\n    \n    \n    \n    \n  \n<\/div>","protected":false},"excerpt":{"rendered":"<p>Franczyza Wyj\u0105tkowa Oferta Hurtowa \u2013 Twoja Marka, Nasza Jako\u015b\u0107! Rozwijaj sw\u00f3j biznes z nami! Oferujemy wyj\u0105tkow\u0105 mo\u017cliwo\u015b\u0107 sprzeda\u017cy naszych produkt\u00f3w pod Twoj\u0105 w\u0142asn\u0105 mark\u0105. Jako do\u015bwiadczona manufaktura dostarczamy najwy\u017cszej jako\u015bci wyroby, kt\u00f3re mo\u017cesz oznaczy\u0107 swoim logo i etykiet\u0105. Sprawd\u017a, co zyskujesz, podejmuj\u0105c z nami wsp\u00f3\u0142prac\u0119: 1. Produkty prosto z manufaktury Nasze wyroby powstaj\u0105 z naturalnych &hellip; <a href=\"https:\/\/malinowewzgorze.growbis.pl\/index.php\/franczyza\/\" class=\"more-link\">Continue reading<span class=\"screen-reader-text\"> &#8222;Franczyza&#8221;<\/span><\/a><\/p>\n","protected":false},"author":1,"featured_media":0,"parent":0,"menu_order":7,"comment_status":"closed","ping_status":"closed","template":"","meta":{"footnotes":""},"class_list":["post-1561","page","type-page","status-publish","hentry"],"_links":{"self":[{"href":"https:\/\/malinowewzgorze.growbis.pl\/index.php\/wp-json\/wp\/v2\/pages\/1561","targetHints":{"allow":["GET"]}}],"collection":[{"href":"https:\/\/malinowewzgorze.growbis.pl\/index.php\/wp-json\/wp\/v2\/pages"}],"about":[{"href":"https:\/\/malinowewzgorze.growbis.pl\/index.php\/wp-json\/wp\/v2\/types\/page"}],"author":[{"embeddable":true,"href":"https:\/\/malinowewzgorze.growbis.pl\/index.php\/wp-json\/wp\/v2\/users\/1"}],"replies":[{"embeddable":true,"href":"https:\/\/malinowewzgorze.growbis.pl\/index.php\/wp-json\/wp\/v2\/comments?post=1561"}],"version-history":[{"count":1,"href":"https:\/\/malinowewzgorze.growbis.pl\/index.php\/wp-json\/wp\/v2\/pages\/1561\/revisions"}],"predecessor-version":[{"id":1570,"href":"https:\/\/malinowewzgorze.growbis.pl\/index.php\/wp-json\/wp\/v2\/pages\/1561\/revisions\/1570"}],"wp:attachment":[{"href":"https:\/\/malinowewzgorze.growbis.pl\/index.php\/wp-json\/wp\/v2\/media?parent=1561"}],"curies":[{"name":"wp","href":"https:\/\/api.w.org\/{rel}","templated":true}]}}