{"id":1562,"date":"2025-04-29T10:52:12","date_gmt":"2025-04-29T10:52:12","guid":{"rendered":"http:\/\/malinowewzgorze.growbis.pl\/index.php\/dzemy\/"},"modified":"2025-04-29T10:52:15","modified_gmt":"2025-04-29T10:52:15","slug":"dzemy","status":"publish","type":"page","link":"https:\/\/malinowewzgorze.growbis.pl\/index.php\/dzemy\/","title":{"rendered":"D\u017cemy"},"content":{"rendered":"<div class=\"woocommerce\">\n  \n    <section class=\"u-clearfix u-container-align-center-lg u-container-align-center-md u-container-align-center-sm u-container-align-center-xl u-image u-shading u-section-1\" id=\"sec-cfe3\" data-image-width=\"1740\" data-image-height=\"573\" style=\"background-image: linear-gradient(0deg, rgba(0, 0, 0, 0.25), rgba(0, 0, 0, 0.25)), url(&quot;https:\/\/malinowewzgorze.growbis.pl\/wp-content\/uploads\/2025\/04\/Sokinagwek-2.webp&quot;);\">\n      <div class=\"u-clearfix u-sheet u-sheet-1\">\n        <div class=\"u-align-left u-border-5 u-border-white u-container-align-center u-container-align-left u-container-align-left-xl u-container-style u-expanded-width-xs u-group u-radius u-shading u-shape-round u-group-1\" data-animation-name=\"customAnimationIn\" data-animation-duration=\"1000\" data-animation-delay=\"0\">\n          <div class=\"u-container-layout u-valign-middle u-container-layout-1\">\n            <h1 class=\"u-align-center u-text u-text-default u-text-1\">D\u017cemy Niskos\u0142odzone&nbsp;<\/h1>\n          <\/div>\n        <\/div>\n      <\/div>\n    <\/section>\n    <section class=\"u-align-center u-clearfix u-container-align-center u-section-2\" id=\"sec-73d1\">\n      <div class=\"data-layout-selected u-clearfix u-gutter-34 u-layout-wrap u-layout-wrap-1\">\n        <div class=\"u-layout\" style=\"\">\n          <div class=\"u-layout-row\" style=\"\">\n            <div class=\"u-container-align-left u-container-style u-layout-cell u-radius u-right-cell u-shape-round u-size-30-lg u-size-30-xl u-size-60-md u-size-60-sm u-size-60-xs u-size-xs-60 u-white u-layout-cell-1\" data-animation-name=\"customAnimationIn\" data-animation-duration=\"1500\">\n              <div class=\"u-border-2 u-border-custom-color-2 u-border-no-bottom u-border-no-left u-container-layout u-valign-top u-container-layout-1\">\n                <h3 class=\"u-align-left u-text u-text-1\"> D\u017cemy niskos\u0142odzone pe\u0142ne owoc\u00f3w \u2013 mniej cukru, wi\u0119cej smaku!<\/h3>\n                <p class=\"u-align-justify u-text u-text-2\"> Nasze d\u017cemy niskos\u0142odzone to esencja smaku, aromatu i naturalno\u015bci, zamkni\u0119ta w s\u0142oiku. Dzi\u0119ki unikalnej recepturze i starannie wyselekcjonowanym owocom, mo\u017cemy zaoferowa\u0107 produkt, kt\u00f3ry \u0142\u0105czy tradycj\u0119 z nowoczesnym podej\u015bciem do zdrowego od\u017cywiania.&nbsp;<br>\n                  <br>Tworzone z pasj\u0105 i dba\u0142o\u015bci\u0105 o najwy\u017csz\u0105 jako\u015b\u0107, nasze d\u017cemy niskos\u0142odzone wyr\u00f3\u017cniaj\u0105 si\u0119 wyj\u0105tkow\u0105 proporcj\u0105 sk\u0142adnik\u00f3w: a\u017c 85% owoc\u00f3w, tylko 12% cukru, a do tego naturalne pektyny i sok z jarz\u0119biny, kt\u00f3re nadaj\u0105 im odpowiedni\u0105 konsystencj\u0119 i delikatn\u0105 kwaskowato\u015b\u0107. To prawdziwa uczta dla podniebienia \u2013 bez zb\u0119dnych dodatk\u00f3w i sztucznych konserwant\u00f3w.&nbsp;<br>\n                  <br>Cz\u0119sto pytacie, czy najpierw wyciskamy sok z owoc\u00f3w, a dopiero p\u00f3\u017aniej z powsta\u0142ej pulpy robimy d\u017cem? Stanowcze NIE! U nas do d\u017cem\u00f3w zawsze trafiaj\u0105 ca\u0142e owoce, co sprawia, \u017ce s\u0105 one tak bogate w smak, naturaln\u0105 s\u0142odycz i pe\u0142ni\u0119 warto\u015bci od\u017cywczych.\n                <\/p>\n              <\/div>\n            <\/div>\n            <div class=\"u-align-center u-container-align-center u-container-style u-image u-image-round u-layout-cell u-left-cell u-radius u-size-30-lg u-size-30-xl u-size-60-md u-size-60-sm u-size-60-xs u-size-xs-60 u-image-1\" src=\"\" data-animation-name=\"customAnimationIn\" data-animation-duration=\"1500\" data-animation-delay=\"500\" data-image-width=\"1024\" data-image-height=\"1024\" style=\"background-image: url(&quot;https:\/\/malinowewzgorze.growbis.pl\/wp-content\/uploads\/2025\/04\/Sokbezdodatkucukru-2.webp&quot;);\">\n              <div class=\"u-container-layout u-valign-top u-container-layout-2\" src=\"\"><\/div>\n            <\/div>\n          <\/div>\n        <\/div>\n      <\/div>\n    <\/section>\n    <section class=\"u-align-center u-clearfix u-container-align-center u-section-3\" id=\"sec-48e6\">\n      <div class=\"u-clearfix u-sheet u-sheet-1\">\n        <div class=\"data-layout-selected u-clearfix u-expanded-width u-gutter-42 u-layout-wrap u-layout-wrap-1\">\n          <div class=\"u-layout\">\n            <div class=\"u-layout-row\">\n              <div class=\"u-container-style u-layout-cell u-left-cell u-size-29 u-layout-cell-1\">\n                <div class=\"u-container-layout\">\n                  <div class=\"custom-expanded u-clearfix u-expanded-width-lg u-expanded-width-xl u-group-elements u-group-elements-1\">\n                    <div class=\"u-custom-color-2 u-shape u-shape-rectangle u-shape-1\" data-animation-name=\"customAnimationIn\" data-animation-duration=\"1000\" data-animation-delay=\"0\"><\/div>\n                    <div class=\"u-border-16 u-border-custom-color-2 u-shape u-shape-rectangle u-shape-2\" data-animation-name=\"customAnimationIn\" data-animation-duration=\"1000\" data-animation-delay=\"0\"><\/div>\n                    <img decoding=\"async\" class=\"u-image u-image-1\" src=\"https:\/\/malinowewzgorze.growbis.pl\/wp-content\/uploads\/2025\/04\/Dzemyniskosodzone-2.webp\" data-image-width=\"358\" data-image-height=\"623\" data-animation-name=\"customAnimationIn\" data-animation-duration=\"1000\" data-animation-delay=\"0\">\n                  <\/div>\n                <\/div>\n              <\/div>\n              <div class=\"u-container-style u-layout-cell u-right-cell u-size-31 u-layout-cell-2\">\n                <div class=\"u-container-layout u-container-layout-2\">\n                  <h1 class=\"u-custom-font u-font-oswald u-text u-text-1\" data-animation-name=\"customAnimationIn\" data-animation-duration=\"1000\" data-animation-delay=\"0\" data-animation-out=\"0\"> Co wyr\u00f3\u017cnia nasze d\u017cemy?<\/h1>\n                  <ul class=\"u-align-justify u-custom-list u-large-text u-text u-text-variant u-text-2\" data-animation-name=\"customAnimationIn\" data-animation-duration=\"1000\" data-animation-delay=\"0\" data-animation-out=\"0\">\n                    <li>\n                      <div class=\"u-list-icon u-text-custom-color-2\">\n                        <div>\u2764<\/div>\n                      <\/div><span style=\"font-weight: 700;\">Wysoka zawarto\u015b\u0107 owoc\u00f3w<\/span> \u2013 a\u017c 85% owoc\u00f3w w ka\u017cdym s\u0142oiczku to gwarancja intensywnego smaku i naturalnej konsystencji.\n                    <\/li>\n                    <li>\n                      <div class=\"u-list-icon u-text-custom-color-2\">\n                        <div>\u2764<\/div>\n                      <\/div><span style=\"font-weight: 700;\">Minimalna ilo\u015b\u0107 cukru<\/span> \u2013 tylko 12%, dzi\u0119ki czemu nasze d\u017cemy s\u0105 mniej s\u0142odkie, ale nadal pyszne i pe\u0142ne owocowego aromatu.\n                    <\/li>\n                    <li>\n                      <div class=\"u-list-icon u-text-custom-color-2\">\n                        <div>\u2764<\/div>\n                      <\/div><span style=\"font-weight: 700;\">Naturalne sk\u0142adniki<\/span> \u2013 bez sztucznych konserwant\u00f3w, barwnik\u00f3w czy wzmacniaczy smaku.\n                    <\/li>\n                    <li>\n                      <div class=\"u-list-icon u-text-custom-color-2\">\n                        <div>\u2764<\/div>\n                      <\/div><span style=\"font-weight: 700;\">Pektyna i sok z jarz\u0119biny<\/span> \u2013 naturalne zag\u0119szczacze, kt\u00f3re sprawiaj\u0105, \u017ce d\u017cem ma idealn\u0105 struktur\u0119, a jednocze\u015bnie zachowuje \u015bwie\u017co\u015b\u0107.\n                    <\/li>\n                    <li>\n                      <div class=\"u-list-icon u-text-custom-color-2\">\n                        <div>\u2764<\/div>\n                      <\/div><span style=\"font-weight: 700;\">Ca\u0142e owoce<\/span> \u2013 nie wyciskamy soku przed produkcj\u0105, dlatego w naszych d\u017cemach znajdziesz prawdziwe kawa\u0142ki owoc\u00f3w.\n                    <\/li>\n                    <li>\n                      <div class=\"u-list-icon u-text-custom-color-2\">\n                        <div>\u2764<\/div>\n                      <\/div><span style=\"font-weight: 700;\">Tradycyjna receptura<\/span> \u2013 \u0142\u0105czymy sprawdzone metody przetwarzania z nowoczesnym podej\u015bciem do zdrowego stylu \u017cycia.\n                    <\/li>\n                  <\/ul>\n                  <p class=\"u-align-justify u-text u-text-3\"> Nasze d\u017cemy niskos\u0142odzone to smak natury, kt\u00f3ry mo\u017cesz poczu\u0107 w ka\u017cdym s\u0142oiku. Spr\u00f3buj i przekonaj si\u0119 sam!<\/p>\n                <\/div>\n              <\/div>\n            <\/div>\n          <\/div>\n        <\/div>\n      <\/div>\n    <\/section>\n    <section class=\"u-align-center u-clearfix u-container-align-center u-container-align-center-lg u-container-align-center-md u-container-align-center-xl u-section-4\" id=\"block-2\">\n      <div class=\"u-clearfix u-sheet u-valign-middle-lg u-valign-middle-xl u-sheet-1\">\n        <div class=\"u-expanded-width-lg u-expanded-width-md u-expanded-width-xl u-expanded-width-xs u-list u-list-1\">\n          <div class=\"u-repeater u-repeater-1\">\n            <div class=\"u-align-center u-border-2 u-border-custom-color-2 u-border-no-left u-border-no-right u-border-no-top u-container-align-center u-container-align-center-lg u-container-align-center-xl u-container-style u-list-item u-radius u-repeater-item u-shape-round u-list-item-1\">\n              <div class=\"u-container-layout u-similar-container u-valign-bottom u-container-layout-1\">\n                <img decoding=\"async\" alt=\"\" class=\"u-expanded-width u-image u-image-default u-image-1\" data-image-width=\"450\" data-image-height=\"600\" src=\"https:\/\/malinowewzgorze.growbis.pl\/wp-content\/uploads\/2025\/04\/Demzrokitnika1-2.webp\">\n                <h5 class=\"u-text u-text-1\">D\u017cem z rokitnika<\/h5>\n                <a href=\"\" class=\"u-align-center u-border-2 u-border-custom-color-2 u-border-hover-custom-color-2 u-btn u-button-style u-hover-custom-color-2 u-radius u-btn-1\">Sklep on-online <\/a>\n              <\/div>\n            <\/div>\n            <div class=\"u-align-center u-border-2 u-border-custom-color-2 u-border-no-left u-border-no-right u-border-no-top u-container-align-center u-container-align-center-lg u-container-align-center-xl u-container-style u-list-item u-radius u-repeater-item u-shape-round u-list-item-2\">\n              <div class=\"u-container-layout u-similar-container u-valign-bottom u-container-layout-2\">\n                <img decoding=\"async\" alt=\"\" class=\"u-expanded-width u-image u-image-default u-image-2\" data-image-width=\"450\" data-image-height=\"600\" src=\"https:\/\/malinowewzgorze.growbis.pl\/wp-content\/uploads\/2025\/04\/Demzmaliniborwki1-2.webp\">\n                <h5 class=\"u-text u-text-2\">D\u017cem z malin i bor\u00f3wki<\/h5>\n                <a href=\"\" class=\"u-align-center u-border-2 u-border-custom-color-2 u-border-hover-custom-color-2 u-btn u-button-style u-hover-custom-color-2 u-radius u-btn-2\"> Sklep on-online <\/a>\n              <\/div>\n            <\/div>\n            <div class=\"u-align-center u-border-2 u-border-custom-color-2 u-border-no-left u-border-no-right u-border-no-top u-container-align-center u-container-align-center-lg u-container-align-center-xl u-container-style u-list-item u-radius u-repeater-item u-shape-round u-list-item-3\">\n              <div class=\"u-container-layout u-similar-container u-valign-bottom u-container-layout-3\">\n                <img decoding=\"async\" alt=\"\" class=\"u-expanded-width u-image u-image-default u-image-3\" data-image-width=\"450\" data-image-height=\"600\" src=\"https:\/\/malinowewzgorze.growbis.pl\/wp-content\/uploads\/2025\/04\/Demzmaliniczarnegobzu1-2.webp\">\n                <h5 class=\"u-text u-text-3\">D\u017cem z malin i czarnego bzu<\/h5>\n                <a href=\"\" class=\"u-align-center u-border-2 u-border-custom-color-2 u-border-hover-custom-color-2 u-btn u-button-style u-hover-custom-color-2 u-radius u-btn-3\"> Sklep on-online <\/a>\n              <\/div>\n            <\/div>\n            <div class=\"u-align-center u-border-2 u-border-custom-color-2 u-border-no-left u-border-no-right u-border-no-top u-container-align-center u-container-align-center-lg u-container-align-center-xl u-container-style u-list-item u-radius u-repeater-item u-shape-round u-list-item-4\">\n              <div class=\"u-container-layout u-similar-container u-valign-bottom u-container-layout-4\">\n                <img decoding=\"async\" alt=\"\" class=\"u-expanded-width u-image u-image-default u-image-4\" data-image-width=\"450\" data-image-height=\"600\" src=\"https:\/\/malinowewzgorze.growbis.pl\/wp-content\/uploads\/2025\/04\/Demzczarnejpoeczki1-2.webp\">\n                <h5 class=\"u-text u-text-4\">D\u017cem z czarnej porzeczki<\/h5>\n                <a href=\"\" class=\"u-align-center u-border-2 u-border-custom-color-2 u-border-hover-custom-color-2 u-btn u-button-style u-hover-custom-color-2 u-radius u-btn-4\"> Sklep on-online <\/a>\n              <\/div>\n            <\/div>\n            <div class=\"u-align-center u-border-2 u-border-custom-color-2 u-border-no-left u-border-no-right u-border-no-top u-container-align-center u-container-align-center-lg u-container-align-center-xl u-container-style u-list-item u-radius u-repeater-item u-shape-round u-list-item-5\">\n              <div class=\"u-container-layout u-similar-container u-valign-bottom u-container-layout-5\">\n                <img decoding=\"async\" alt=\"\" class=\"u-expanded-width u-image u-image-default u-image-5\" data-image-width=\"450\" data-image-height=\"600\" src=\"https:\/\/malinowewzgorze.growbis.pl\/wp-content\/uploads\/2025\/04\/Demtruskawkowy1-2.webp\">\n                <h5 class=\"u-text u-text-5\">D\u017cem truskawkowy<\/h5>\n                <a href=\"\" class=\"u-align-center u-border-2 u-border-custom-color-2 u-border-hover-custom-color-2 u-btn u-button-style u-hover-custom-color-2 u-radius u-btn-5\"> Sklep on-online <\/a>\n              <\/div>\n            <\/div>\n            <div class=\"u-align-center u-border-2 u-border-custom-color-2 u-border-no-left u-border-no-right u-border-no-top u-container-align-center u-container-align-center-lg u-container-align-center-xl u-container-style u-list-item u-radius u-repeater-item u-shape-round u-list-item-6\">\n              <div class=\"u-container-layout u-similar-container u-valign-bottom u-container-layout-6\">\n                <img decoding=\"async\" alt=\"\" class=\"u-expanded-width u-image u-image-default u-image-6\" data-image-width=\"450\" data-image-height=\"600\" src=\"https:\/\/malinowewzgorze.growbis.pl\/wp-content\/uploads\/2025\/04\/Demzborwkiamerykaskiej1-2.webp\">\n                <h5 class=\"u-text u-text-6\">D\u017cem z bor\u00f3wki ameryka\u0144skiej<\/h5>\n                <a href=\"\" class=\"u-align-center u-border-2 u-border-custom-color-2 u-border-hover-custom-color-2 u-btn u-button-style u-hover-custom-color-2 u-radius u-btn-6\"> Sklep on-online <\/a>\n              <\/div>\n            <\/div>\n            <div class=\"u-align-center u-border-2 u-border-custom-color-2 u-border-no-left u-border-no-right u-border-no-top u-container-align-center u-container-align-center-lg u-container-align-center-xl u-container-style u-list-item u-radius u-repeater-item u-shape-round u-list-item-7\">\n              <div class=\"u-container-layout u-similar-container u-valign-bottom u-container-layout-7\">\n                <img decoding=\"async\" alt=\"\" class=\"u-expanded-width u-image u-image-default u-image-7\" data-image-width=\"450\" data-image-height=\"600\" src=\"https:\/\/malinowewzgorze.growbis.pl\/wp-content\/uploads\/2025\/04\/Konfiturazczerwonejcebuli-2.webp\">\n                <h5 class=\"u-text u-text-7\">Konfitura z czerwonej cebuli<\/h5>\n                <a href=\"\" class=\"u-align-center u-border-2 u-border-custom-color-2 u-border-hover-custom-color-2 u-btn u-button-style u-hover-custom-color-2 u-radius u-btn-7\"> Sklep on-online <\/a>\n              <\/div>\n            <\/div>\n            <div class=\"u-align-center u-border-2 u-border-custom-color-2 u-border-no-left u-border-no-right u-border-no-top u-container-align-center u-container-align-center-lg u-container-align-center-xl u-container-style u-list-item u-radius u-repeater-item u-shape-round u-list-item-8\">\n              <div class=\"u-container-layout u-similar-container u-valign-bottom u-container-layout-8\">\n                <img decoding=\"async\" alt=\"\" class=\"u-expanded-width u-image u-image-default u-image-8\" data-image-width=\"450\" data-image-height=\"600\" src=\"https:\/\/malinowewzgorze.growbis.pl\/wp-content\/uploads\/2025\/04\/DemMalinowy1-2.webp\">\n                <h5 class=\"u-text u-text-8\">D\u017cem malinowy<br>\n                <\/h5>\n                <a href=\"\" class=\"u-align-center u-border-2 u-border-custom-color-2 u-border-hover-custom-color-2 u-btn u-button-style u-hover-custom-color-2 u-radius u-btn-8\"> Sklep on-online <\/a>\n              <\/div>\n            <\/div>\n            <div class=\"u-align-center u-border-2 u-border-custom-color-2 u-border-no-left u-border-no-right u-border-no-top u-container-align-center u-container-align-center-lg u-container-align-center-xl u-container-style u-list-item u-radius u-repeater-item u-shape-round u-list-item-9\">\n              <div class=\"u-container-layout u-similar-container u-valign-bottom u-container-layout-9\">\n                <img decoding=\"async\" alt=\"\" class=\"u-expanded-width u-image u-image-default u-image-9\" data-image-width=\"450\" data-image-height=\"600\" src=\"https:\/\/malinowewzgorze.growbis.pl\/wp-content\/uploads\/2025\/04\/Demwiwkowy-2.webp\">\n                <h5 class=\"u-text u-text-9\">D\u017cem \u015bliwkowy <\/h5>\n                <a href=\"\" class=\"u-align-center u-border-2 u-border-custom-color-2 u-border-hover-custom-color-2 u-btn u-button-style u-hover-custom-color-2 u-radius u-btn-9\"> Sklep on-online <\/a>\n              <\/div>\n            <\/div>\n          <\/div>\n        <\/div>\n      <\/div>\n    <\/section>\n    \n    \n    \n    \n  \n<\/div>","protected":false},"excerpt":{"rendered":"<p>D\u017cemy Niskos\u0142odzone&nbsp; D\u017cemy niskos\u0142odzone pe\u0142ne owoc\u00f3w \u2013 mniej cukru, wi\u0119cej smaku! Nasze d\u017cemy niskos\u0142odzone to esencja smaku, aromatu i naturalno\u015bci, zamkni\u0119ta w s\u0142oiku. Dzi\u0119ki unikalnej recepturze i starannie wyselekcjonowanym owocom, mo\u017cemy zaoferowa\u0107 produkt, kt\u00f3ry \u0142\u0105czy tradycj\u0119 z nowoczesnym podej\u015bciem do zdrowego od\u017cywiania.&nbsp; Tworzone z pasj\u0105 i dba\u0142o\u015bci\u0105 o najwy\u017csz\u0105 jako\u015b\u0107, nasze d\u017cemy niskos\u0142odzone wyr\u00f3\u017cniaj\u0105 si\u0119 &hellip; <a href=\"https:\/\/malinowewzgorze.growbis.pl\/index.php\/dzemy\/\" class=\"more-link\">Continue reading<span class=\"screen-reader-text\"> &#8222;D\u017cemy&#8221;<\/span><\/a><\/p>\n","protected":false},"author":1,"featured_media":0,"parent":0,"menu_order":8,"comment_status":"closed","ping_status":"closed","template":"","meta":{"footnotes":""},"class_list":["post-1562","page","type-page","status-publish","hentry"],"_links":{"self":[{"href":"https:\/\/malinowewzgorze.growbis.pl\/index.php\/wp-json\/wp\/v2\/pages\/1562","targetHints":{"allow":["GET"]}}],"collection":[{"href":"https:\/\/malinowewzgorze.growbis.pl\/index.php\/wp-json\/wp\/v2\/pages"}],"about":[{"href":"https:\/\/malinowewzgorze.growbis.pl\/index.php\/wp-json\/wp\/v2\/types\/page"}],"author":[{"embeddable":true,"href":"https:\/\/malinowewzgorze.growbis.pl\/index.php\/wp-json\/wp\/v2\/users\/1"}],"replies":[{"embeddable":true,"href":"https:\/\/malinowewzgorze.growbis.pl\/index.php\/wp-json\/wp\/v2\/comments?post=1562"}],"version-history":[{"count":1,"href":"https:\/\/malinowewzgorze.growbis.pl\/index.php\/wp-json\/wp\/v2\/pages\/1562\/revisions"}],"predecessor-version":[{"id":1571,"href":"https:\/\/malinowewzgorze.growbis.pl\/index.php\/wp-json\/wp\/v2\/pages\/1562\/revisions\/1571"}],"wp:attachment":[{"href":"https:\/\/malinowewzgorze.growbis.pl\/index.php\/wp-json\/wp\/v2\/media?parent=1562"}],"curies":[{"name":"wp","href":"https:\/\/api.w.org\/{rel}","templated":true}]}}