{"id":1563,"date":"2025-04-29T10:52:13","date_gmt":"2025-04-29T10:52:13","guid":{"rendered":"http:\/\/malinowewzgorze.growbis.pl\/index.php\/soki-bez-dodatku-cukru\/"},"modified":"2025-04-29T10:52:15","modified_gmt":"2025-04-29T10:52:15","slug":"soki-bez-dodatku-cukru","status":"publish","type":"page","link":"https:\/\/malinowewzgorze.growbis.pl\/index.php\/soki-bez-dodatku-cukru\/","title":{"rendered":"Soki bez dodatku cukru"},"content":{"rendered":"<div class=\"woocommerce\">\n  \n    <section class=\"u-clearfix u-container-align-center u-image u-shading u-section-1\" id=\"sec-cfe3\" data-image-width=\"1740\" data-image-height=\"573\" style=\"background-image: linear-gradient(0deg, rgba(0, 0, 0, 0.25), rgba(0, 0, 0, 0.25)), url(&quot;https:\/\/malinowewzgorze.growbis.pl\/wp-content\/uploads\/2025\/04\/Sokinagwek-2.webp&quot;);\">\n      <div class=\"u-clearfix u-sheet u-sheet-1\">\n        <div class=\"u-align-left u-border-5 u-border-white u-container-align-center u-container-align-left u-container-align-left-xl u-container-style u-group u-radius u-shading u-shape-round u-group-1\" data-animation-name=\"customAnimationIn\" data-animation-duration=\"1000\" data-animation-delay=\"0\">\n          <div class=\"u-container-layout u-container-layout-1\">\n            <h1 class=\"u-align-center u-text u-text-default u-text-1\"> Soki bez dodatku cukru<\/h1>\n          <\/div>\n        <\/div>\n      <\/div>\n    <\/section>\n    <section class=\"u-align-center u-clearfix u-container-align-center u-section-2\" id=\"sec-73d1\">\n      <div class=\"data-layout-selected u-clearfix u-gutter-34 u-layout-wrap u-layout-wrap-1\">\n        <div class=\"u-layout\" style=\"\">\n          <div class=\"u-layout-row\" style=\"\">\n            <div class=\"u-container-align-left u-container-style u-layout-cell u-radius u-right-cell u-shape-round u-size-30-lg u-size-30-xl u-size-60-md u-size-60-sm u-size-60-xs u-size-xs-60 u-white u-layout-cell-1\" data-animation-name=\"customAnimationIn\" data-animation-duration=\"1500\">\n              <div class=\"u-border-2 u-border-custom-color-2 u-border-no-bottom u-border-no-left u-container-layout u-valign-top u-container-layout-1\">\n                <h3 class=\"u-align-left u-text u-text-1\"> Przede wszystkim Sok \u2013 to produkt bez dodatku cukru! Tylko naturalna fruktoza.<\/h3>\n                <p class=\"u-align-justify u-text u-text-2\"> Je\u015bli na etykiecie widnieje s\u0142owo \u201esok\u201d, mo\u017cecie mie\u0107 pewno\u015b\u0107, \u017ce trzymacie w d\u0142oniach produkt najwy\u017cszej jako\u015bci, spe\u0142niaj\u0105cy surowe normy i przygotowany z dba\u0142o\u015bci\u0105 o ka\u017cdy szczeg\u00f3\u0142. To esencja natury zamkni\u0119ta w butelce \u2013 powstaj\u0105ca wy\u0142\u0105cznie z dojrza\u0142ych, starannie wyselekcjonowanych owoc\u00f3w, bez dodatku sztucznych substancji czy zb\u0119dnych polepszaczy.<\/p>\n              <\/div>\n            <\/div>\n            <div class=\"u-align-center u-container-align-center u-container-style u-image u-image-round u-layout-cell u-left-cell u-radius u-size-30-lg u-size-30-xl u-size-60-md u-size-60-sm u-size-60-xs u-size-xs-60 u-image-1\" src=\"\" data-animation-name=\"customAnimationIn\" data-animation-duration=\"1500\" data-animation-delay=\"500\" data-image-width=\"1024\" data-image-height=\"1024\" style=\"background-image: url(&quot;https:\/\/malinowewzgorze.growbis.pl\/wp-content\/uploads\/2025\/04\/Sokbezdodatkucukru-2.webp&quot;);\">\n              <div class=\"u-container-layout u-valign-top u-container-layout-2\" src=\"\"><\/div>\n            <\/div>\n          <\/div>\n        <\/div>\n      <\/div>\n    <\/section>\n    <section class=\"u-align-center u-clearfix u-container-align-center u-section-3\" id=\"sec-48e6\">\n      <div class=\"u-clearfix u-sheet u-sheet-1\">\n        <div class=\"data-layout-selected u-clearfix u-expanded-width u-gutter-42 u-layout-wrap u-layout-wrap-1\">\n          <div class=\"u-layout\">\n            <div class=\"u-layout-row\">\n              <div class=\"u-container-style u-layout-cell u-left-cell u-size-29 u-layout-cell-1\">\n                <div class=\"u-container-layout u-valign-middle-md u-valign-middle-sm u-valign-middle-xs\">\n                  <div class=\"u-custom-color-2 u-shape u-shape-rectangle u-shape-1\" data-animation-name=\"customAnimationIn\" data-animation-duration=\"1000\" data-animation-delay=\"0\"><\/div>\n                  <div class=\"u-border-16 u-border-custom-color-2 u-shape u-shape-rectangle u-shape-2\" data-animation-name=\"customAnimationIn\" data-animation-duration=\"1000\" data-animation-delay=\"0\"><\/div>\n                  <img decoding=\"async\" class=\"u-image u-image-1\" src=\"https:\/\/malinowewzgorze.growbis.pl\/wp-content\/uploads\/2025\/04\/Sokibezdodatkucukry-2.webp\" data-image-width=\"1831\" data-image-height=\"1536\" data-animation-name=\"customAnimationIn\" data-animation-duration=\"1000\" data-animation-delay=\"0\">\n                <\/div>\n              <\/div>\n              <div class=\"u-container-style u-layout-cell u-right-cell u-size-31 u-layout-cell-2\">\n                <div class=\"u-container-layout u-container-layout-2\">\n                  <h1 class=\"u-custom-font u-font-oswald u-text u-text-1\" data-animation-name=\"customAnimationIn\" data-animation-duration=\"1000\" data-animation-delay=\"0\" data-animation-out=\"0\"> Co wyr\u00f3\u017cnia nasze soki?<\/h1>\n                  <ul class=\"u-align-justify u-custom-list u-large-text u-text u-text-variant u-text-2\" data-animation-name=\"customAnimationIn\" data-animation-duration=\"1000\" data-animation-delay=\"0\" data-animation-out=\"0\">\n                    <li>\n                      <div class=\"u-list-icon u-text-custom-color-2\">\n                        <div>\u2764<\/div>\n                      <\/div><span style=\"font-weight: 700;\">100% naturalnego smaku<\/span> \u2013 bez kompromis\u00f3w! Owoce dojrzewaj\u0105 w naturalnym tempie, dzi\u0119ki czemu zachowuj\u0105 pe\u0142ni\u0119 aromatu i warto\u015bci od\u017cywczych.\n                    <\/li>\n                    <li>\n                      <div class=\"u-list-icon u-text-custom-color-2\">\n                        <div>\u2764<\/div>\n                      <\/div><span style=\"font-weight: 700;\">Zero cukru i s\u0142odzik\u00f3w<\/span> \u2013 wyj\u0105tkiem jest sok z rokitnika, gdzie dopuszczalne jest minimalne dos\u0142odzenie dla z\u0142agodzenia kwasowo\u015bci.\n                    <\/li>\n                    <li>\n                      <div class=\"u-list-icon u-text-custom-color-2\">\n                        <div>\u2764<\/div>\n                      <\/div><span style=\"font-weight: 700;\">Bez konserwant\u00f3w<\/span> \u2013 tylko soki cytrynowe i limonkowe mog\u0105 zawiera\u0107 naturalne substancje przed\u0142u\u017caj\u0105ce trwa\u0142o\u015b\u0107.\n                    <\/li>\n                    <li>\n                      <div class=\"u-list-icon u-text-custom-color-2\">\n                        <div>\u2764<\/div>\n                      <\/div><span style=\"font-weight: 700;\">Bez sztucznych barwnik\u00f3w i aromat\u00f3w<\/span> \u2013 to, co widzicie i smakujecie, pochodzi prosto z owoc\u00f3w.\n                    <\/li>\n                    <li>\n                      <div class=\"u-list-icon u-text-custom-color-2\">\n                        <div>\u2764<\/div>\n                      <\/div><span style=\"font-weight: 700;\">Dodatkowe wzbogacenie witaminami i minera\u0142ami<\/span> \u2013 \u200bnasze soki zawieraj\u0105 naturalne witaminy i sk\u0142adniki mineralne, kt\u00f3re wspieraj\u0105 <br>zdrowie i odporno\u015b\u0107.\n                    <\/li>\n                  <\/ul>\n                <\/div>\n              <\/div>\n            <\/div>\n          <\/div>\n        <\/div>\n      <\/div>\n    <\/section>\n    <section class=\"u-clearfix u-section-4\" id=\"sec-613c\">\n      <div class=\"u-clearfix u-sheet u-sheet-1\">\n        <h2 class=\"u-align-center u-text u-text-1\"> Dlaczego warto wybra\u0107 nasze soki?<\/h2>\n        <p class=\"u-align-center u-text u-text-2\"> Si\u0119gaj\u0105c po prawdziwy sok, wybieracie natur\u0119 w jej najczystszej postaci! Nie znajdziecie tu sztucznych dodatk\u00f3w ani zb\u0119dnych ulepszaczy \u2013 tylko owoce i ich naturalne bogactwo. To doskona\u0142y wyb\u00f3r dla wszystkich, kt\u00f3rzy ceni\u0105 zdrowy tryb \u017cycia, autentyczny smak i pe\u0142nowarto\u015bciowe produkty.<\/p>\n        <div class=\"u-expanded-width u-list u-list-1\">\n          <div class=\"u-repeater u-repeater-1\">\n            <div class=\"u-align-center u-border-2 u-border-custom-color-2 u-border-no-left u-border-no-right u-border-no-top u-container-align-center u-container-style u-list-item u-radius u-repeater-item u-shape-round u-list-item-1\">\n              <div class=\"u-container-layout u-similar-container u-valign-bottom-sm u-valign-bottom-xs u-valign-top-lg u-valign-top-md u-valign-top-xl u-container-layout-1\">\n                <img decoding=\"async\" alt=\"\" class=\"u-image u-image-default u-image-1\" data-image-width=\"450\" data-image-height=\"600\" src=\"https:\/\/malinowewzgorze.growbis.pl\/wp-content\/uploads\/2025\/04\/Sokmalinowyzimbirem-2.webp\">\n                <h5 class=\"u-text u-text-3\">Sok malinowy z imbirem<\/h5>\n                <a href=\"\" class=\"u-align-center u-border-2 u-border-custom-color-2 u-border-hover-custom-color-2 u-btn u-button-style u-hover-custom-color-2 u-radius u-btn-1\">Sklep on-online <\/a>\n              <\/div>\n            <\/div>\n            <div class=\"u-align-center u-border-2 u-border-custom-color-2 u-border-no-left u-border-no-right u-border-no-top u-container-align-center u-container-align-center-lg u-container-align-center-md u-container-align-center-xl u-container-style u-list-item u-radius u-repeater-item u-shape-round u-list-item-2\">\n              <div class=\"u-container-layout u-similar-container u-valign-bottom-sm u-valign-bottom-xs u-valign-top-lg u-valign-top-md u-valign-top-xl u-container-layout-2\">\n                <img decoding=\"async\" alt=\"\" class=\"u-image u-image-default u-image-2\" data-image-width=\"450\" data-image-height=\"600\" src=\"https:\/\/malinowewzgorze.growbis.pl\/wp-content\/uploads\/2025\/04\/SokzJagodyKamczackiej-2.webp\">\n                <h5 class=\"u-text u-text-4\">Sok z jagody kamczackiej<\/h5>\n                <a href=\"\" class=\"u-align-center u-border-2 u-border-custom-color-2 u-border-hover-custom-color-2 u-btn u-button-style u-hover-custom-color-2 u-radius u-btn-2\"> Sklep on-online <\/a>\n              <\/div>\n            <\/div>\n            <div class=\"u-align-center u-border-2 u-border-custom-color-2 u-border-no-left u-border-no-right u-border-no-top u-container-align-center u-container-align-center-lg u-container-align-center-md u-container-align-center-xl u-container-style u-list-item u-radius u-repeater-item u-shape-round u-list-item-3\">\n              <div class=\"u-container-layout u-similar-container u-valign-bottom-sm u-valign-bottom-xs u-valign-top-lg u-valign-top-md u-valign-top-xl u-container-layout-3\">\n                <img decoding=\"async\" alt=\"\" class=\"u-image u-image-default u-image-3\" data-image-width=\"450\" data-image-height=\"600\" src=\"https:\/\/malinowewzgorze.growbis.pl\/wp-content\/uploads\/2025\/04\/Sokzagrestu-2.webp\">\n                <h5 class=\"u-text u-text-5\">Sok z agrestu<\/h5>\n                <a href=\"\" class=\"u-align-center u-border-2 u-border-custom-color-2 u-border-hover-custom-color-2 u-btn u-button-style u-hover-custom-color-2 u-radius u-btn-3\"> Sklep on-online <\/a>\n              <\/div>\n            <\/div>\n            <div class=\"u-align-center u-border-2 u-border-custom-color-2 u-border-no-left u-border-no-right u-border-no-top u-container-align-center u-container-align-center-lg u-container-align-center-md u-container-align-center-sm u-container-align-center-xl u-container-style u-list-item u-radius u-repeater-item u-shape-round u-list-item-4\">\n              <div class=\"u-container-layout u-similar-container u-valign-bottom-sm u-valign-bottom-xs u-valign-top-lg u-valign-top-md u-valign-top-xl u-container-layout-4\">\n                <img decoding=\"async\" alt=\"\" class=\"u-image u-image-default u-image-4\" data-image-width=\"450\" data-image-height=\"600\" src=\"https:\/\/malinowewzgorze.growbis.pl\/wp-content\/uploads\/2025\/04\/Sokzaronii-2.jpg\">\n                <h5 class=\"u-text u-text-6\">Sok z aronii<br>\n                <\/h5>\n                <a href=\"\" class=\"u-align-center u-border-2 u-border-custom-color-2 u-border-hover-custom-color-2 u-btn u-button-style u-hover-custom-color-2 u-radius u-btn-4\"> Sklep on-online <\/a>\n              <\/div>\n            <\/div>\n            <div class=\"u-align-center u-border-2 u-border-custom-color-2 u-border-no-left u-border-no-right u-border-no-top u-container-align-center u-container-align-center-lg u-container-align-center-md u-container-align-center-xl u-container-style u-list-item u-radius u-repeater-item u-shape-round u-list-item-5\">\n              <div class=\"u-container-layout u-similar-container u-valign-bottom-sm u-valign-bottom-xs u-valign-top-lg u-valign-top-md u-valign-top-xl u-container-layout-5\">\n                <img decoding=\"async\" alt=\"\" class=\"u-image u-image-default u-image-5\" data-image-width=\"450\" data-image-height=\"600\" src=\"https:\/\/malinowewzgorze.growbis.pl\/wp-content\/uploads\/2025\/04\/Sokzczarnegobzu-2.webp\">\n                <h5 class=\"u-text u-text-7\">Sok z czarnego bzu<\/h5>\n                <a href=\"\" class=\"u-align-center u-border-2 u-border-custom-color-2 u-border-hover-custom-color-2 u-btn u-button-style u-hover-custom-color-2 u-radius u-btn-5\"> Sklep on-online <\/a>\n              <\/div>\n            <\/div>\n            <div class=\"u-align-center u-border-2 u-border-custom-color-2 u-border-no-left u-border-no-right u-border-no-top u-container-align-center u-container-align-center-lg u-container-align-center-md u-container-align-center-xl u-container-style u-list-item u-radius u-repeater-item u-shape-round u-list-item-6\">\n              <div class=\"u-container-layout u-similar-container u-valign-bottom-sm u-valign-bottom-xs u-valign-top-lg u-valign-top-md u-valign-top-xl u-container-layout-6\">\n                <img decoding=\"async\" alt=\"\" class=\"u-image u-image-default u-image-6\" data-image-width=\"450\" data-image-height=\"600\" src=\"https:\/\/malinowewzgorze.growbis.pl\/wp-content\/uploads\/2025\/04\/Sokzczarnejporzeczki-2.webp\">\n                <h5 class=\"u-text u-text-8\">Sok z czarnej porzeczki<\/h5>\n                <a href=\"\" class=\"u-align-center u-border-2 u-border-custom-color-2 u-border-hover-custom-color-2 u-btn u-button-style u-hover-custom-color-2 u-radius u-btn-6\"> Sklep on-online <\/a>\n              <\/div>\n            <\/div>\n            <div class=\"u-align-center u-border-2 u-border-custom-color-2 u-border-no-left u-border-no-right u-border-no-top u-container-align-center u-container-style u-list-item u-radius u-repeater-item u-shape-round u-list-item-7\">\n              <div class=\"u-container-layout u-similar-container u-valign-bottom-sm u-valign-bottom-xs u-valign-top-lg u-valign-top-md u-valign-top-xl u-container-layout-7\">\n                <img decoding=\"async\" alt=\"\" class=\"u-image u-image-default u-image-7\" data-image-width=\"450\" data-image-height=\"600\" src=\"https:\/\/malinowewzgorze.growbis.pl\/wp-content\/uploads\/2025\/04\/Sokzderenia-2.webp\">\n                <h5 class=\"u-text u-text-9\">Sok z derenia<\/h5>\n                <a href=\"\" class=\"u-align-center u-border-2 u-border-custom-color-2 u-border-hover-custom-color-2 u-btn u-button-style u-hover-custom-color-2 u-radius u-btn-7\"> Sklep on-online <\/a>\n              <\/div>\n            <\/div>\n            <div class=\"u-align-center u-border-2 u-border-custom-color-2 u-border-no-left u-border-no-right u-border-no-top u-container-align-center u-container-align-center-lg u-container-align-center-md u-container-align-center-xl u-container-style u-list-item u-radius u-repeater-item u-shape-round u-list-item-8\">\n              <div class=\"u-container-layout u-similar-container u-valign-bottom-sm u-valign-bottom-xs u-valign-top-lg u-valign-top-md u-valign-top-xl u-container-layout-8\">\n                <img decoding=\"async\" alt=\"\" class=\"u-image u-image-default u-image-8\" data-image-width=\"450\" data-image-height=\"600\" src=\"https:\/\/malinowewzgorze.growbis.pl\/wp-content\/uploads\/2025\/04\/Sokzdzikiejry-2.webp\">\n                <h5 class=\"u-text u-text-10\">Sok z dzikiej r\u00f3\u017cy<br>\n                <\/h5>\n                <a href=\"\" class=\"u-align-center u-border-2 u-border-custom-color-2 u-border-hover-custom-color-2 u-btn u-button-style u-hover-custom-color-2 u-radius u-btn-8\"> Sklep on-online <\/a>\n              <\/div>\n            <\/div>\n            <div class=\"u-align-center u-border-2 u-border-custom-color-2 u-border-no-left u-border-no-right u-border-no-top u-container-align-center u-container-align-center-lg u-container-align-center-md u-container-align-center-xl u-container-style u-list-item u-radius u-repeater-item u-shape-round u-list-item-9\">\n              <div class=\"u-container-layout u-similar-container u-valign-bottom-sm u-valign-bottom-xs u-valign-top-lg u-valign-top-md u-valign-top-xl u-container-layout-9\">\n                <img decoding=\"async\" alt=\"\" class=\"u-image u-image-default u-image-9\" data-image-width=\"450\" data-image-height=\"600\" src=\"https:\/\/malinowewzgorze.growbis.pl\/wp-content\/uploads\/2025\/04\/Sokzjagodylenej-2.webp\">\n                <h5 class=\"u-text u-text-11\">Sok z jagody lesnej<\/h5>\n                <a href=\"\" class=\"u-align-center u-border-2 u-border-custom-color-2 u-border-hover-custom-color-2 u-btn u-button-style u-hover-custom-color-2 u-radius u-btn-9\"> Sklep on-online <\/a>\n              <\/div>\n            <\/div>\n            <div class=\"u-align-center u-border-2 u-border-custom-color-2 u-border-no-left u-border-no-right u-border-no-top u-container-align-center u-container-align-center-lg u-container-align-center-md u-container-align-center-sm u-container-align-center-xl u-container-style u-list-item u-radius u-repeater-item u-shape-round u-list-item-10\">\n              <div class=\"u-container-layout u-similar-container u-valign-bottom-sm u-valign-bottom-xs u-valign-top-lg u-valign-top-md u-valign-top-xl u-container-layout-10\">\n                <img decoding=\"async\" alt=\"\" class=\"u-image u-image-default u-image-10\" data-image-width=\"450\" data-image-height=\"600\" src=\"https:\/\/malinowewzgorze.growbis.pl\/wp-content\/uploads\/2025\/04\/Sokzmalin-2.webp\">\n                <h5 class=\"u-text u-text-12\">Sok z malin<\/h5>\n                <a href=\"\" class=\"u-align-center u-border-2 u-border-custom-color-2 u-border-hover-custom-color-2 u-btn u-button-style u-hover-custom-color-2 u-radius u-btn-10\"> Sklep on-online <\/a>\n              <\/div>\n            <\/div>\n            <div class=\"u-align-center u-border-2 u-border-custom-color-2 u-border-no-left u-border-no-right u-border-no-top u-container-align-center u-container-align-center-lg u-container-align-center-md u-container-align-center-xl u-container-style u-list-item u-radius u-repeater-item u-shape-round u-list-item-11\">\n              <div class=\"u-container-layout u-similar-container u-valign-bottom-sm u-valign-bottom-xs u-valign-top-lg u-valign-top-md u-valign-top-xl u-container-layout-11\">\n                <img decoding=\"async\" alt=\"\" class=\"u-image u-image-default u-image-11\" data-image-width=\"450\" data-image-height=\"600\" src=\"https:\/\/malinowewzgorze.growbis.pl\/wp-content\/uploads\/2025\/04\/Sokzmaliniczarnegobzu-2.webp\">\n                <h5 class=\"u-text u-text-13\">Sok z malin i czarnego bzu<\/h5>\n                <a href=\"\" class=\"u-align-center u-border-2 u-border-custom-color-2 u-border-hover-custom-color-2 u-btn u-button-style u-hover-custom-color-2 u-radius u-btn-11\"> Sklep on-online <\/a>\n              <\/div>\n            <\/div>\n            <div class=\"u-align-center u-border-2 u-border-custom-color-2 u-border-no-left u-border-no-right u-border-no-top u-container-align-center u-container-align-center-lg u-container-align-center-md u-container-align-center-xl u-container-style u-list-item u-radius u-repeater-item u-shape-round u-list-item-12\">\n              <div class=\"u-container-layout u-similar-container u-valign-bottom-sm u-valign-bottom-xs u-valign-top-lg u-valign-top-md u-valign-top-xl u-container-layout-12\">\n                <img decoding=\"async\" alt=\"\" class=\"u-image u-image-default u-image-12\" data-image-width=\"450\" data-image-height=\"600\" src=\"https:\/\/malinowewzgorze.growbis.pl\/wp-content\/uploads\/2025\/04\/Sokzmalinzmiodem-2.webp\">\n                <h5 class=\"u-text u-text-14\">Sok z malin z miodem<\/h5>\n                <a href=\"\" class=\"u-align-center u-border-2 u-border-custom-color-2 u-border-hover-custom-color-2 u-btn u-button-style u-hover-custom-color-2 u-radius u-btn-12\"> Sklep on-online <\/a>\n              <\/div>\n            <\/div>\n            <div class=\"u-align-center u-border-2 u-border-custom-color-2 u-border-no-left u-border-no-right u-border-no-top u-container-align-center u-container-style u-list-item u-radius u-repeater-item u-shape-round u-list-item-13\">\n              <div class=\"u-container-layout u-similar-container u-valign-bottom-sm u-valign-bottom-xs u-valign-top-lg u-valign-top-md u-valign-top-xl u-container-layout-13\">\n                <img decoding=\"async\" alt=\"\" class=\"u-image u-image-default u-image-13\" data-image-width=\"450\" data-image-height=\"600\" src=\"https:\/\/malinowewzgorze.growbis.pl\/wp-content\/uploads\/2025\/04\/Sokzowocwlenych-2.webp\">\n                <h5 class=\"u-text u-text-15\">Sok z owoc\u00f3w le\u015bnych<\/h5>\n                <a href=\"\" class=\"u-align-center u-border-2 u-border-custom-color-2 u-border-hover-custom-color-2 u-btn u-button-style u-hover-custom-color-2 u-radius u-btn-13\"> Sklep on-online <\/a>\n              <\/div>\n            <\/div>\n            <div class=\"u-align-center u-border-2 u-border-custom-color-2 u-border-no-left u-border-no-right u-border-no-top u-container-align-center u-container-align-center-lg u-container-align-center-md u-container-align-center-xl u-container-style u-list-item u-radius u-repeater-item u-shape-round u-list-item-14\">\n              <div class=\"u-container-layout u-similar-container u-valign-bottom-sm u-valign-bottom-xs u-valign-top-lg u-valign-top-md u-valign-top-xl u-container-layout-14\">\n                <img decoding=\"async\" alt=\"\" class=\"u-image u-image-default u-image-14\" data-image-width=\"450\" data-image-height=\"600\" src=\"https:\/\/malinowewzgorze.growbis.pl\/wp-content\/uploads\/2025\/04\/Sokzpigwowca-2.webp\">\n                <h5 class=\"u-text u-text-16\">Sok z pigwowca<\/h5>\n                <a href=\"\" class=\"u-align-center u-border-2 u-border-custom-color-2 u-border-hover-custom-color-2 u-btn u-button-style u-hover-custom-color-2 u-radius u-btn-14\"> Sklep on-online <\/a>\n              <\/div>\n            <\/div>\n            <div class=\"u-align-center u-border-2 u-border-custom-color-2 u-border-no-left u-border-no-right u-border-no-top u-container-align-center u-container-align-center-lg u-container-align-center-md u-container-align-center-xl u-container-style u-list-item u-radius u-repeater-item u-shape-round u-list-item-15\">\n              <div class=\"u-container-layout u-similar-container u-valign-bottom-sm u-valign-bottom-xs u-valign-top-lg u-valign-top-md u-valign-top-xl u-container-layout-15\">\n                <img decoding=\"async\" alt=\"\" class=\"u-image u-image-default u-image-15\" data-image-width=\"450\" data-image-height=\"600\" src=\"https:\/\/malinowewzgorze.growbis.pl\/wp-content\/uploads\/2025\/04\/Sokzrokitnika-2.webp\">\n                <h5 class=\"u-text u-text-17\">Sok z rokitnika<\/h5>\n                <a href=\"\" class=\"u-align-center u-border-2 u-border-custom-color-2 u-border-hover-custom-color-2 u-btn u-button-style u-hover-custom-color-2 u-radius u-btn-15\"> Sklep on-online <\/a>\n              <\/div>\n            <\/div>\n            <div class=\"u-align-center u-border-2 u-border-custom-color-2 u-border-no-left u-border-no-right u-border-no-top u-container-align-center u-container-align-center-lg u-container-align-center-md u-container-align-center-sm u-container-align-center-xl u-container-style u-list-item u-radius u-repeater-item u-shape-round u-list-item-16\">\n              <div class=\"u-container-layout u-similar-container u-valign-bottom-sm u-valign-bottom-xs u-valign-top-lg u-valign-top-md u-valign-top-xl u-container-layout-16\">\n                <img decoding=\"async\" alt=\"\" class=\"custom-expanded u-image u-image-default u-image-16\" data-image-width=\"450\" data-image-height=\"600\" src=\"https:\/\/malinowewzgorze.growbis.pl\/wp-content\/uploads\/2025\/04\/Sokzwini-2.webp\">\n                <h5 class=\"u-text u-text-18\">Sok z wi\u015bni<\/h5>\n                <a href=\"\" class=\"u-align-center u-border-2 u-border-custom-color-2 u-border-hover-custom-color-2 u-btn u-button-style u-hover-custom-color-2 u-radius u-btn-16\"> Sklep on-online <\/a>\n              <\/div>\n            <\/div>\n          <\/div>\n        <\/div>\n      <\/div>\n    <\/section>\n    \n    \n    \n    \n  \n<\/div>","protected":false},"excerpt":{"rendered":"<p>Soki bez dodatku cukru Przede wszystkim Sok \u2013 to produkt bez dodatku cukru! Tylko naturalna fruktoza. Je\u015bli na etykiecie widnieje s\u0142owo \u201esok\u201d, mo\u017cecie mie\u0107 pewno\u015b\u0107, \u017ce trzymacie w d\u0142oniach produkt najwy\u017cszej jako\u015bci, spe\u0142niaj\u0105cy surowe normy i przygotowany z dba\u0142o\u015bci\u0105 o ka\u017cdy szczeg\u00f3\u0142. To esencja natury zamkni\u0119ta w butelce \u2013 powstaj\u0105ca wy\u0142\u0105cznie z dojrza\u0142ych, starannie wyselekcjonowanych &hellip; <a href=\"https:\/\/malinowewzgorze.growbis.pl\/index.php\/soki-bez-dodatku-cukru\/\" class=\"more-link\">Continue reading<span class=\"screen-reader-text\"> &#8222;Soki bez dodatku cukru&#8221;<\/span><\/a><\/p>\n","protected":false},"author":1,"featured_media":0,"parent":0,"menu_order":9,"comment_status":"closed","ping_status":"closed","template":"","meta":{"footnotes":""},"class_list":["post-1563","page","type-page","status-publish","hentry"],"_links":{"self":[{"href":"https:\/\/malinowewzgorze.growbis.pl\/index.php\/wp-json\/wp\/v2\/pages\/1563","targetHints":{"allow":["GET"]}}],"collection":[{"href":"https:\/\/malinowewzgorze.growbis.pl\/index.php\/wp-json\/wp\/v2\/pages"}],"about":[{"href":"https:\/\/malinowewzgorze.growbis.pl\/index.php\/wp-json\/wp\/v2\/types\/page"}],"author":[{"embeddable":true,"href":"https:\/\/malinowewzgorze.growbis.pl\/index.php\/wp-json\/wp\/v2\/users\/1"}],"replies":[{"embeddable":true,"href":"https:\/\/malinowewzgorze.growbis.pl\/index.php\/wp-json\/wp\/v2\/comments?post=1563"}],"version-history":[{"count":1,"href":"https:\/\/malinowewzgorze.growbis.pl\/index.php\/wp-json\/wp\/v2\/pages\/1563\/revisions"}],"predecessor-version":[{"id":1572,"href":"https:\/\/malinowewzgorze.growbis.pl\/index.php\/wp-json\/wp\/v2\/pages\/1563\/revisions\/1572"}],"wp:attachment":[{"href":"https:\/\/malinowewzgorze.growbis.pl\/index.php\/wp-json\/wp\/v2\/media?parent=1563"}],"curies":[{"name":"wp","href":"https:\/\/api.w.org\/{rel}","templated":true}]}}